{"id":1379,"date":"2021-04-06T00:13:30","date_gmt":"2021-04-06T00:13:30","guid":{"rendered":"https:\/\/www.drlinc.ca\/?page_id=1379"},"modified":"2021-05-04T22:56:39","modified_gmt":"2021-05-04T22:56:39","slug":"champs-dexpertise","status":"publish","type":"page","link":"https:\/\/www.drlinc.ca\/fr\/champs-dexpertise\/","title":{"rendered":"Champs d&rsquo;expertise"},"content":{"rendered":"<p><div class=\"fusion-fullwidth fullwidth-box fusion-builder-row-1 fusion-flex-container nonhundred-percent-fullwidth non-hundred-percent-height-scrolling\" style=\"--awb-border-radius-top-left:0px;--awb-border-radius-top-right:0px;--awb-border-radius-bottom-right:0px;--awb-border-radius-bottom-left:0px;--awb-padding-top:50px;--awb-padding-bottom:50px;--awb-flex-wrap:wrap;\" ><div class=\"fusion-builder-row fusion-row fusion-flex-align-items-flex-start fusion-flex-content-wrap\" style=\"max-width:1216.8px;margin-left: calc(-4% \/ 2 );margin-right: calc(-4% \/ 2 );\"><div class=\"fusion-layout-column fusion_builder_column fusion-builder-column-0 fusion_builder_column_1_1 1_1 fusion-flex-column\" style=\"--awb-bg-size:cover;--awb-width-large:100%;--awb-margin-top-large:0px;--awb-spacing-right-large:1.92%;--awb-margin-bottom-large:20px;--awb-spacing-left-large:1.92%;--awb-width-medium:100%;--awb-order-medium:0;--awb-spacing-right-medium:1.92%;--awb-spacing-left-medium:1.92%;--awb-width-small:100%;--awb-order-small:0;--awb-spacing-right-small:1.92%;--awb-spacing-left-small:1.92%;\"><div class=\"fusion-column-wrapper fusion-column-has-shadow fusion-flex-justify-content-flex-start fusion-content-layout-column\"><div class=\"fusion-title title fusion-title-1 fusion-title-center fusion-title-text fusion-title-size-two\" style=\"--awb-text-color:#000000;--awb-font-size:38px;\"><div class=\"title-sep-container title-sep-container-left\"><div class=\"title-sep sep- sep-solid\" style=\"border-color:#e0dede;\"><\/div><\/div><span class=\"awb-title-spacer\"><\/span><h2 class=\"fusion-title-heading title-heading-center\" style=\"font-family:&quot;Lato&quot;;font-style:normal;font-weight:700;margin:0;font-size:1em;line-height:38px;\">LA FORMULE DRL<\/h2><span class=\"awb-title-spacer\"><\/span><div class=\"title-sep-container title-sep-container-right\"><div class=\"title-sep sep- sep-solid\" style=\"border-color:#e0dede;\"><\/div><\/div><\/div><div class=\"fusion-title title fusion-title-2 fusion-title-center fusion-title-text fusion-title-size-two\" style=\"--awb-text-color:#000000;--awb-font-size:38px;\"><div class=\"title-sep-container title-sep-container-left\"><div class=\"title-sep sep- sep-solid\" style=\"border-color:#e0dede;\"><\/div><\/div><span class=\"awb-title-spacer\"><\/span><h2 class=\"fusion-title-heading title-heading-center\" style=\"font-family:&quot;Lato&quot;;font-style:normal;font-weight:400;margin:0;font-size:1em;line-height:38px;\">Un savoir-faire bas\u00e9 sur l\u2019exp\u00e9rience<\/h2><span class=\"awb-title-spacer\"><\/span><div class=\"title-sep-container title-sep-container-right\"><div class=\"title-sep sep- sep-solid\" style=\"border-color:#e0dede;\"><\/div><\/div><\/div><\/div><\/div><\/div><\/div><div class=\"fusion-fullwidth fullwidth-box fusion-builder-row-2 fusion-flex-container nonhundred-percent-fullwidth non-hundred-percent-height-scrolling\" style=\"--awb-border-radius-top-left:0px;--awb-border-radius-top-right:0px;--awb-border-radius-bottom-right:0px;--awb-border-radius-bottom-left:0px;--awb-flex-wrap:wrap;\" ><div class=\"fusion-builder-row fusion-row fusion-flex-align-items-flex-start fusion-flex-content-wrap\" style=\"max-width:1216.8px;margin-left: calc(-4% \/ 2 );margin-right: calc(-4% \/ 2 );\"><div class=\"fusion-layout-column fusion_builder_column fusion-builder-column-1 fusion_builder_column_1_2 1_2 fusion-flex-column\" style=\"--awb-bg-size:cover;--awb-width-large:50%;--awb-margin-top-large:0px;--awb-spacing-right-large:3.84%;--awb-margin-bottom-large:20px;--awb-spacing-left-large:3.84%;--awb-width-medium:100%;--awb-order-medium:0;--awb-spacing-right-medium:1.92%;--awb-spacing-left-medium:1.92%;--awb-width-small:100%;--awb-order-small:0;--awb-spacing-right-small:1.92%;--awb-spacing-left-small:1.92%;\"><div class=\"fusion-column-wrapper fusion-column-has-shadow fusion-flex-justify-content-flex-start fusion-content-layout-column\"><div class=\"fusion-image-element \" style=\"--awb-caption-title-font-family:var(--h2_typography-font-family);--awb-caption-title-font-weight:var(--h2_typography-font-weight);--awb-caption-title-font-style:var(--h2_typography-font-style);--awb-caption-title-size:var(--h2_typography-font-size);--awb-caption-title-transform:var(--h2_typography-text-transform);--awb-caption-title-line-height:var(--h2_typography-line-height);--awb-caption-title-letter-spacing:var(--h2_typography-letter-spacing);\"><span class=\" fusion-imageframe imageframe-none imageframe-1 hover-type-none\"><img decoding=\"async\" width=\"700\" height=\"734\" alt=\"expertise en sinistres entreprise\" title=\"expertise-intro\" src=\"https:\/\/www.drlinc.ca\/wp-content\/uploads\/2021\/04\/expertise-intro.jpg\" class=\"img-responsive wp-image-1383\" srcset=\"https:\/\/www.drlinc.ca\/wp-content\/uploads\/2021\/04\/expertise-intro-200x210.jpg 200w, https:\/\/www.drlinc.ca\/wp-content\/uploads\/2021\/04\/expertise-intro-400x419.jpg 400w, https:\/\/www.drlinc.ca\/wp-content\/uploads\/2021\/04\/expertise-intro-600x629.jpg 600w, https:\/\/www.drlinc.ca\/wp-content\/uploads\/2021\/04\/expertise-intro.jpg 700w\" sizes=\"(max-width: 1024px) 100vw, (max-width: 850px) 100vw, 600px\" loading=\"lazy\" \/><\/span><\/div><\/div><\/div><div class=\"fusion-layout-column fusion_builder_column fusion-builder-column-2 fusion_builder_column_1_2 1_2 fusion-flex-column\" style=\"--awb-bg-size:cover;--awb-width-large:50%;--awb-margin-top-large:0px;--awb-spacing-right-large:3.84%;--awb-margin-bottom-large:20px;--awb-spacing-left-large:3.84%;--awb-width-medium:100%;--awb-order-medium:0;--awb-spacing-right-medium:1.92%;--awb-spacing-left-medium:1.92%;--awb-width-small:100%;--awb-order-small:0;--awb-spacing-right-small:1.92%;--awb-spacing-left-small:1.92%;\"><div class=\"fusion-column-wrapper fusion-column-has-shadow fusion-flex-justify-content-flex-start fusion-content-layout-column\"><div class=\"fusion-text fusion-text-1\"><p>Notre mission est de vous offrir une qualit\u00e9 exclusive d\u2019enqu\u00eate et de contr\u00f4le des dommages, vous permettant ainsi de statuer en toute confiance sur les r\u00e9clamations d\u2019assurance.<\/p>\n<p>Voici nos champs d\u2019expertise \u2013\u00a0cliquez sur les liens suivants pour en savoir plus\u00a0:<\/p>\n<\/div><ul style=\"--awb-size:48px;--awb-iconcolor:#005399;--awb-line-height:81.6px;--awb-icon-width:81.6px;--awb-icon-height:81.6px;--awb-icon-margin:33.6px;--awb-content-margin:115.2px;\" class=\"fusion-checklist fusion-checklist-1 fusion-checklist-default fusion-no-small-visibility fusion-no-medium-visibility type-icons txt-blue\"><li class=\"fusion-li-item\" style=\"\"><span class=\"icon-wrapper circle-no\"><i class=\"fusion-li-icon fa-cog fas\" aria-hidden=\"true\"><\/i><\/span><div class=\"fusion-li-item-content\">\n<p><a href=\"https:\/\/www.drlinc.ca\/fr\/champs-dexpertise\/dommages-directs\/\">DOMMAGES DIRECTS<\/a><\/p>\n<\/div><\/li><li class=\"fusion-li-item\" style=\"\"><span class=\"icon-wrapper circle-no\"><i class=\"fusion-li-icon fa-cog fas\" aria-hidden=\"true\"><\/i><\/span><div class=\"fusion-li-item-content\">\n<p><a href=\"https:\/\/www.drlinc.ca\/fr\/champs-dexpertise\/responsabilite-civile\/\">RESPONSABILIT\u00c9 CIVILE<\/a><\/p>\n<\/div><\/li><li class=\"fusion-li-item\" style=\"\"><span class=\"icon-wrapper circle-no\"><i class=\"fusion-li-icon fa-cog fas\" aria-hidden=\"true\"><\/i><\/span><div class=\"fusion-li-item-content\">\n<p><a href=\"https:\/\/www.drlinc.ca\/fr\/champs-dexpertise\/enquetes-speciales\/\">ENQU\u00caTES SP\u00c9CIALES<\/a><\/p>\n<\/div><\/li><li class=\"fusion-li-item\" style=\"\"><span class=\"icon-wrapper circle-no\"><i class=\"fusion-li-icon fa-cog fas\" aria-hidden=\"true\"><\/i><\/span><div class=\"fusion-li-item-content\">\n<p><a href=\"https:\/\/www.drlinc.ca\/fr\/champs-dexpertise\/a-la-carte\/\">SERVICE \u00c0 LA CARTE<\/a><\/p>\n<\/div><\/li><\/ul><ul style=\"--awb-size:21.6px;--awb-iconcolor:#005399;--awb-line-height:36.72px;--awb-icon-width:36.72px;--awb-icon-height:36.72px;--awb-icon-margin:15.12px;--awb-content-margin:51.84px;\" class=\"fusion-checklist fusion-checklist-2 fusion-checklist-default fusion-no-large-visibility type-icons txt-blue\"><li class=\"fusion-li-item\" style=\"\"><span class=\"icon-wrapper circle-no\"><i class=\"fusion-li-icon fa-cog fas\" aria-hidden=\"true\"><\/i><\/span><div class=\"fusion-li-item-content\">\n<p><a href=\"https:\/\/www.drlinc.ca\/fr\/champs-dexpertise\/dommages-directs\/\">DOMMAGES DIRECTS<\/a><\/p>\n<\/div><\/li><li class=\"fusion-li-item\" style=\"\"><span class=\"icon-wrapper circle-no\"><i class=\"fusion-li-icon fa-cog fas\" aria-hidden=\"true\"><\/i><\/span><div class=\"fusion-li-item-content\">\n<p><a href=\"https:\/\/www.drlinc.ca\/fr\/champs-dexpertise\/responsabilite-civile\/\">RESPONSABILIT\u00c9 CIVILE<\/a><\/p>\n<\/div><\/li><li class=\"fusion-li-item\" style=\"\"><span class=\"icon-wrapper circle-no\"><i class=\"fusion-li-icon fa-cog fas\" aria-hidden=\"true\"><\/i><\/span><div class=\"fusion-li-item-content\">\n<p><a href=\"https:\/\/www.drlinc.ca\/fr\/champs-dexpertise\/enquetes-speciales\/\">ENQU\u00caTES SP\u00c9CIALES<\/a><\/p>\n<\/div><\/li><li class=\"fusion-li-item\" style=\"\"><span class=\"icon-wrapper circle-no\"><i class=\"fusion-li-icon fa-cog fas\" aria-hidden=\"true\"><\/i><\/span><div class=\"fusion-li-item-content\">\n<p><a href=\"https:\/\/www.drlinc.ca\/fr\/champs-dexpertise\/a-la-carte\/\">SERVICE \u00c0 LA CARTE<\/a><\/p>\n<\/div><\/li><\/ul><\/div><\/div><\/div><\/div><div class=\"fusion-fullwidth fullwidth-box fusion-builder-row-3 fusion-flex-container fusion-parallax-none nonhundred-percent-fullwidth non-hundred-percent-height-scrolling\" style=\"--awb-border-radius-top-left:0px;--awb-border-radius-top-right:0px;--awb-border-radius-bottom-right:0px;--awb-border-radius-bottom-left:0px;--awb-padding-top:100px;--awb-padding-bottom:100px;--awb-margin-top:100px;--awb-background-image:url(&quot;https:\/\/www.drlinc.ca\/wp-content\/uploads\/2021\/04\/bg-temoignages.jpg&quot;);--awb-background-size:cover;--awb-flex-wrap:wrap;\" ><div class=\"fusion-builder-row fusion-row fusion-flex-align-items-flex-start fusion-flex-content-wrap\" style=\"max-width:1216.8px;margin-left: calc(-4% \/ 2 );margin-right: calc(-4% \/ 2 );\"><div class=\"fusion-layout-column fusion_builder_column fusion-builder-column-3 fusion_builder_column_1_1 1_1 fusion-flex-column\" style=\"--awb-bg-size:cover;--awb-width-large:100%;--awb-margin-top-large:0px;--awb-spacing-right-large:1.92%;--awb-margin-bottom-large:20px;--awb-spacing-left-large:1.92%;--awb-width-medium:100%;--awb-order-medium:0;--awb-spacing-right-medium:1.92%;--awb-spacing-left-medium:1.92%;--awb-width-small:100%;--awb-order-small:0;--awb-spacing-right-small:1.92%;--awb-spacing-left-small:1.92%;\"><div class=\"fusion-column-wrapper fusion-column-has-shadow fusion-flex-justify-content-flex-start fusion-content-layout-column\"><div class=\"fusion-text fusion-text-2\" style=\"--awb-content-alignment:center;--awb-font-size:30px;--awb-line-height:30px;--awb-text-color:#ffffff;--awb-text-font-family:&quot;Lato&quot;;--awb-text-font-style:italic;--awb-text-font-weight:400;\"><p>\u00ab La qualit\u00e9 d\u2019enqu\u00eate est au rendez-vous, c\u2019est une certitude. F\u00e9licitation pour vos expertises et votre travail minutieux! \u00bb\u2013 <span style=\"font-size: 24px;\">M.B., directeur indemnisation<\/span><\/p>\n<\/div><\/div><\/div><\/div><\/div><\/p>\n","protected":false},"excerpt":{"rendered":"","protected":false},"author":1,"featured_media":0,"parent":0,"menu_order":0,"comment_status":"closed","ping_status":"closed","template":"100-width.php","meta":{"footnotes":""},"class_list":["post-1379","page","type-page","status-publish","hentry"],"yoast_head":"<!-- This site is optimized with the Yoast SEO plugin v26.9 - https:\/\/yoast.com\/product\/yoast-seo-wordpress\/ -->\n<title>Champs d&#039;expertise - Desforges Roy Lessard<\/title>\n<meta name=\"description\" content=\"Qualit\u00e9 exclusive d\u2019enqu\u00eate et de contr\u00f4le des dommages, vous permettant de statuer en toute confiance sur les r\u00e9clamations d\u2019assurance.\" \/>\n<meta name=\"robots\" content=\"index, follow, max-snippet:-1, max-image-preview:large, max-video-preview:-1\" \/>\n<link rel=\"canonical\" href=\"https:\/\/www.drlinc.ca\/fr\/champs-dexpertise\/\" \/>\n<meta property=\"og:locale\" content=\"fr_CA\" \/>\n<meta property=\"og:type\" content=\"article\" \/>\n<meta property=\"og:title\" content=\"Champs d&#039;expertise - Desforges Roy Lessard\" \/>\n<meta property=\"og:description\" content=\"Qualit\u00e9 exclusive d\u2019enqu\u00eate et de contr\u00f4le des dommages, vous permettant de statuer en toute confiance sur les r\u00e9clamations d\u2019assurance.\" \/>\n<meta property=\"og:url\" content=\"https:\/\/www.drlinc.ca\/fr\/champs-dexpertise\/\" \/>\n<meta property=\"og:site_name\" content=\"Desforges Roy Lessard\" \/>\n<meta property=\"article:modified_time\" content=\"2021-05-04T22:56:39+00:00\" \/>\n<meta name=\"twitter:card\" content=\"summary_large_image\" \/>\n<meta name=\"twitter:label1\" content=\"Estimation du temps de lecture\" \/>\n\t<meta name=\"twitter:data1\" content=\"5 minutes\" \/>\n<script type=\"application\/ld+json\" class=\"yoast-schema-graph\">{\"@context\":\"https:\/\/schema.org\",\"@graph\":[{\"@type\":\"WebPage\",\"@id\":\"https:\/\/www.drlinc.ca\/fr\/champs-dexpertise\/\",\"url\":\"https:\/\/www.drlinc.ca\/fr\/champs-dexpertise\/\",\"name\":\"Champs d'expertise - Desforges Roy Lessard\",\"isPartOf\":{\"@id\":\"https:\/\/www.drlinc.ca\/fr\/#website\"},\"datePublished\":\"2021-04-06T00:13:30+00:00\",\"dateModified\":\"2021-05-04T22:56:39+00:00\",\"description\":\"Qualit\u00e9 exclusive d\u2019enqu\u00eate et de contr\u00f4le des dommages, vous permettant de statuer en toute confiance sur les r\u00e9clamations d\u2019assurance.\",\"inLanguage\":\"fr-CA\",\"potentialAction\":[{\"@type\":\"ReadAction\",\"target\":[\"https:\/\/www.drlinc.ca\/fr\/champs-dexpertise\/\"]}]},{\"@type\":\"WebSite\",\"@id\":\"https:\/\/www.drlinc.ca\/fr\/#website\",\"url\":\"https:\/\/www.drlinc.ca\/fr\/\",\"name\":\"Desforges Roy Lessard\",\"description\":\"Un site utilisant WordPress\",\"potentialAction\":[{\"@type\":\"SearchAction\",\"target\":{\"@type\":\"EntryPoint\",\"urlTemplate\":\"https:\/\/www.drlinc.ca\/fr\/?s={search_term_string}\"},\"query-input\":{\"@type\":\"PropertyValueSpecification\",\"valueRequired\":true,\"valueName\":\"search_term_string\"}}],\"inLanguage\":\"fr-CA\"}]}<\/script>\n<!-- \/ Yoast SEO plugin. -->","yoast_head_json":{"title":"Champs d'expertise - Desforges Roy Lessard","description":"Qualit\u00e9 exclusive d\u2019enqu\u00eate et de contr\u00f4le des dommages, vous permettant de statuer en toute confiance sur les r\u00e9clamations d\u2019assurance.","robots":{"index":"index","follow":"follow","max-snippet":"max-snippet:-1","max-image-preview":"max-image-preview:large","max-video-preview":"max-video-preview:-1"},"canonical":"https:\/\/www.drlinc.ca\/fr\/champs-dexpertise\/","og_locale":"fr_CA","og_type":"article","og_title":"Champs d'expertise - Desforges Roy Lessard","og_description":"Qualit\u00e9 exclusive d\u2019enqu\u00eate et de contr\u00f4le des dommages, vous permettant de statuer en toute confiance sur les r\u00e9clamations d\u2019assurance.","og_url":"https:\/\/www.drlinc.ca\/fr\/champs-dexpertise\/","og_site_name":"Desforges Roy Lessard","article_modified_time":"2021-05-04T22:56:39+00:00","twitter_card":"summary_large_image","twitter_misc":{"Estimation du temps de lecture":"5 minutes"},"schema":{"@context":"https:\/\/schema.org","@graph":[{"@type":"WebPage","@id":"https:\/\/www.drlinc.ca\/fr\/champs-dexpertise\/","url":"https:\/\/www.drlinc.ca\/fr\/champs-dexpertise\/","name":"Champs d'expertise - Desforges Roy Lessard","isPartOf":{"@id":"https:\/\/www.drlinc.ca\/fr\/#website"},"datePublished":"2021-04-06T00:13:30+00:00","dateModified":"2021-05-04T22:56:39+00:00","description":"Qualit\u00e9 exclusive d\u2019enqu\u00eate et de contr\u00f4le des dommages, vous permettant de statuer en toute confiance sur les r\u00e9clamations d\u2019assurance.","inLanguage":"fr-CA","potentialAction":[{"@type":"ReadAction","target":["https:\/\/www.drlinc.ca\/fr\/champs-dexpertise\/"]}]},{"@type":"WebSite","@id":"https:\/\/www.drlinc.ca\/fr\/#website","url":"https:\/\/www.drlinc.ca\/fr\/","name":"Desforges Roy Lessard","description":"Un site utilisant WordPress","potentialAction":[{"@type":"SearchAction","target":{"@type":"EntryPoint","urlTemplate":"https:\/\/www.drlinc.ca\/fr\/?s={search_term_string}"},"query-input":{"@type":"PropertyValueSpecification","valueRequired":true,"valueName":"search_term_string"}}],"inLanguage":"fr-CA"}]}},"_links":{"self":[{"href":"https:\/\/www.drlinc.ca\/fr\/wp-json\/wp\/v2\/pages\/1379","targetHints":{"allow":["GET"]}}],"collection":[{"href":"https:\/\/www.drlinc.ca\/fr\/wp-json\/wp\/v2\/pages"}],"about":[{"href":"https:\/\/www.drlinc.ca\/fr\/wp-json\/wp\/v2\/types\/page"}],"author":[{"embeddable":true,"href":"https:\/\/www.drlinc.ca\/fr\/wp-json\/wp\/v2\/users\/1"}],"replies":[{"embeddable":true,"href":"https:\/\/www.drlinc.ca\/fr\/wp-json\/wp\/v2\/comments?post=1379"}],"version-history":[{"count":25,"href":"https:\/\/www.drlinc.ca\/fr\/wp-json\/wp\/v2\/pages\/1379\/revisions"}],"predecessor-version":[{"id":1381,"href":"https:\/\/www.drlinc.ca\/fr\/wp-json\/wp\/v2\/pages\/1379\/revisions\/1381"}],"wp:attachment":[{"href":"https:\/\/www.drlinc.ca\/fr\/wp-json\/wp\/v2\/media?parent=1379"}],"curies":[{"name":"wp","href":"https:\/\/api.w.org\/{rel}","templated":true}]}}