{"id":1488,"date":"2021-04-07T01:14:48","date_gmt":"2021-04-07T01:14:48","guid":{"rendered":"https:\/\/www.drlinc.ca\/?page_id=1488"},"modified":"2024-03-07T22:47:56","modified_gmt":"2024-03-07T22:47:56","slug":"enquetes-speciales","status":"publish","type":"page","link":"https:\/\/www.drlinc.ca\/fr\/champs-dexpertise\/enquetes-speciales\/","title":{"rendered":"Enqu\u00eates sp\u00e9ciales"},"content":{"rendered":"<p><div class=\"fusion-fullwidth fullwidth-box fusion-builder-row-1 fusion-flex-container nonhundred-percent-fullwidth non-hundred-percent-height-scrolling\" style=\"--awb-border-radius-top-left:0px;--awb-border-radius-top-right:0px;--awb-border-radius-bottom-right:0px;--awb-border-radius-bottom-left:0px;--awb-padding-top:50px;--awb-padding-bottom:50px;--awb-flex-wrap:wrap;\" ><div class=\"fusion-builder-row fusion-row fusion-flex-align-items-flex-start fusion-flex-content-wrap\" style=\"max-width:1216.8px;margin-left: calc(-4% \/ 2 );margin-right: calc(-4% \/ 2 );\"><div class=\"fusion-layout-column fusion_builder_column fusion-builder-column-0 fusion_builder_column_1_1 1_1 fusion-flex-column\" style=\"--awb-bg-size:cover;--awb-width-large:100%;--awb-margin-top-large:0px;--awb-spacing-right-large:1.92%;--awb-margin-bottom-large:20px;--awb-spacing-left-large:1.92%;--awb-width-medium:100%;--awb-order-medium:0;--awb-spacing-right-medium:1.92%;--awb-spacing-left-medium:1.92%;--awb-width-small:100%;--awb-order-small:0;--awb-spacing-right-small:1.92%;--awb-spacing-left-small:1.92%;\"><div class=\"fusion-column-wrapper fusion-column-has-shadow fusion-flex-justify-content-flex-start fusion-content-layout-column\"><div class=\"fusion-title title fusion-title-1 fusion-title-center fusion-title-text fusion-title-size-two\" style=\"--awb-text-color:#000000;--awb-font-size:38px;\"><div class=\"title-sep-container title-sep-container-left\"><div class=\"title-sep sep- sep-solid\" style=\"border-color:#e0dede;\"><\/div><\/div><span class=\"awb-title-spacer\"><\/span><h2 class=\"fusion-title-heading title-heading-center\" style=\"font-family:&quot;Lato&quot;;font-style:normal;font-weight:700;margin:0;font-size:1em;line-height:38px;\">LA FORMULE DRL<\/h2><span class=\"awb-title-spacer\"><\/span><div class=\"title-sep-container title-sep-container-right\"><div class=\"title-sep sep- sep-solid\" style=\"border-color:#e0dede;\"><\/div><\/div><\/div><div class=\"fusion-title title fusion-title-2 fusion-title-center fusion-title-text fusion-title-size-two\" style=\"--awb-text-color:#000000;--awb-font-size:38px;\"><div class=\"title-sep-container title-sep-container-left\"><div class=\"title-sep sep- sep-solid\" style=\"border-color:#e0dede;\"><\/div><\/div><span class=\"awb-title-spacer\"><\/span><h2 class=\"fusion-title-heading title-heading-center\" style=\"font-family:&quot;Lato&quot;;font-style:normal;font-weight:400;margin:0;font-size:1em;line-height:38px;\">Exclusive \u2022 Rigoureuse \u2022 Concluante<\/h2><span class=\"awb-title-spacer\"><\/span><div class=\"title-sep-container title-sep-container-right\"><div class=\"title-sep sep- sep-solid\" style=\"border-color:#e0dede;\"><\/div><\/div><\/div><\/div><\/div><\/div><\/div><div class=\"fusion-fullwidth fullwidth-box fusion-builder-row-2 fusion-flex-container nonhundred-percent-fullwidth non-hundred-percent-height-scrolling\" style=\"--awb-border-radius-top-left:0px;--awb-border-radius-top-right:0px;--awb-border-radius-bottom-right:0px;--awb-border-radius-bottom-left:0px;--awb-flex-wrap:wrap;\" ><div class=\"fusion-builder-row fusion-row fusion-flex-align-items-flex-start fusion-flex-content-wrap\" style=\"max-width:1216.8px;margin-left: calc(-4% \/ 2 );margin-right: calc(-4% \/ 2 );\"><div class=\"fusion-layout-column fusion_builder_column fusion-builder-column-1 fusion_builder_column_1_2 1_2 fusion-flex-column\" style=\"--awb-padding-right:30px;--awb-bg-size:cover;--awb-width-large:50%;--awb-margin-top-large:0px;--awb-spacing-right-large:3.84%;--awb-margin-bottom-large:20px;--awb-spacing-left-large:3.84%;--awb-width-medium:100%;--awb-order-medium:0;--awb-spacing-right-medium:1.92%;--awb-spacing-left-medium:1.92%;--awb-width-small:100%;--awb-order-small:0;--awb-spacing-right-small:1.92%;--awb-spacing-left-small:1.92%;\"><div class=\"fusion-column-wrapper fusion-column-has-shadow fusion-flex-justify-content-flex-start fusion-content-layout-column\"><div class=\"fusion-image-element \" style=\"--awb-caption-title-font-family:var(--h2_typography-font-family);--awb-caption-title-font-weight:var(--h2_typography-font-weight);--awb-caption-title-font-style:var(--h2_typography-font-style);--awb-caption-title-size:var(--h2_typography-font-size);--awb-caption-title-transform:var(--h2_typography-text-transform);--awb-caption-title-line-height:var(--h2_typography-line-height);--awb-caption-title-letter-spacing:var(--h2_typography-letter-spacing);\"><span class=\" fusion-imageframe imageframe-none imageframe-1 hover-type-none\"><img decoding=\"async\" width=\"300\" height=\"198\" title=\"Capture-d\u2019\u00e9cran-2024-02-23-080937\" src=\"https:\/\/www.drlinc.ca\/wp-content\/uploads\/2024\/03\/Capture-decran-2024-02-23-080937-300x198.jpg\" alt class=\"img-responsive wp-image-2451\" srcset=\"https:\/\/www.drlinc.ca\/wp-content\/uploads\/2024\/03\/Capture-decran-2024-02-23-080937-200x132.jpg 200w, https:\/\/www.drlinc.ca\/wp-content\/uploads\/2024\/03\/Capture-decran-2024-02-23-080937-400x264.jpg 400w, https:\/\/www.drlinc.ca\/wp-content\/uploads\/2024\/03\/Capture-decran-2024-02-23-080937.jpg 560w\" sizes=\"(max-width: 1024px) 100vw, (max-width: 850px) 100vw, 300px\" loading=\"lazy\" \/><\/span><\/div><\/div><\/div><div class=\"fusion-layout-column fusion_builder_column fusion-builder-column-2 fusion_builder_column_1_2 1_2 fusion-flex-column\" style=\"--awb-bg-size:cover;--awb-width-large:50%;--awb-margin-top-large:0px;--awb-spacing-right-large:3.84%;--awb-margin-bottom-large:20px;--awb-spacing-left-large:3.84%;--awb-width-medium:100%;--awb-order-medium:0;--awb-spacing-right-medium:1.92%;--awb-spacing-left-medium:1.92%;--awb-width-small:100%;--awb-order-small:0;--awb-spacing-right-small:1.92%;--awb-spacing-left-small:1.92%;\"><div class=\"fusion-column-wrapper fusion-column-has-shadow fusion-flex-justify-content-flex-start fusion-content-layout-column\"><div class=\"fusion-text fusion-text-1\" style=\"--awb-text-transform:none;\"><p>Notre expertise en enqu\u00eates sp\u00e9ciales couvre de nombreux volets tels que\u00a0:<\/p>\n<ul>\n<li>causes de sinistres complexes,<\/li>\n<li>analyse de garanties,<\/li>\n<li>r\u00e9clamations potentiellement frauduleuses,<\/li>\n<li>incendies criminels,<\/li>\n<li>sinistres impliquant la culture de cannabis,<\/li>\n<li>vols suspects.<\/li>\n<\/ul>\n<\/div><\/div><\/div><\/div><\/div><div class=\"fusion-fullwidth fullwidth-box fusion-builder-row-3 fusion-flex-container nonhundred-percent-fullwidth non-hundred-percent-height-scrolling\" style=\"--awb-border-radius-top-left:0px;--awb-border-radius-top-right:0px;--awb-border-radius-bottom-right:0px;--awb-border-radius-bottom-left:0px;--awb-margin-top:50px;--awb-margin-bottom:50px;--awb-flex-wrap:wrap;\" ><div class=\"fusion-builder-row fusion-row fusion-flex-align-items-flex-start fusion-flex-content-wrap\" style=\"max-width:1216.8px;margin-left: calc(-4% \/ 2 );margin-right: calc(-4% \/ 2 );\"><div class=\"fusion-layout-column fusion_builder_column fusion-builder-column-3 fusion_builder_column_1_2 1_2 fusion-flex-column\" style=\"--awb-bg-size:cover;--awb-width-large:50%;--awb-margin-top-large:0px;--awb-spacing-right-large:3.84%;--awb-margin-bottom-large:20px;--awb-spacing-left-large:3.84%;--awb-width-medium:100%;--awb-order-medium:0;--awb-spacing-right-medium:1.92%;--awb-spacing-left-medium:1.92%;--awb-width-small:100%;--awb-order-small:0;--awb-spacing-right-small:1.92%;--awb-spacing-left-small:1.92%;\"><div class=\"fusion-column-wrapper fusion-column-has-shadow fusion-flex-justify-content-flex-start fusion-content-layout-column\"><div class=\"fusion-text fusion-text-2\"><p>Nous pouvons traiter les r\u00e9clamations touchant les dommages cons\u00e9quents aux <strong>cyberattaques<\/strong>, <strong>logiciels malveillants<\/strong> ou de <strong>ran\u00e7onnage<\/strong>. Nous sommes notamment associ\u00e9s \u00e0 des experts informaticiens sp\u00e9cialis\u00e9s dans la cyber s\u00e9curit\u00e9.<\/p>\n<\/div><\/div><\/div><div class=\"fusion-layout-column fusion_builder_column fusion-builder-column-4 fusion_builder_column_1_2 1_2 fusion-flex-column\" style=\"--awb-padding-left:30px;--awb-bg-size:cover;--awb-width-large:50%;--awb-margin-top-large:0px;--awb-spacing-right-large:3.84%;--awb-margin-bottom-large:20px;--awb-spacing-left-large:3.84%;--awb-width-medium:100%;--awb-order-medium:0;--awb-spacing-right-medium:1.92%;--awb-spacing-left-medium:1.92%;--awb-width-small:100%;--awb-order-small:0;--awb-spacing-right-small:1.92%;--awb-spacing-left-small:1.92%;\"><div class=\"fusion-column-wrapper fusion-column-has-shadow fusion-flex-justify-content-flex-start fusion-content-layout-column\"><div class=\"fusion-image-element \" style=\"text-align:right;--awb-caption-title-font-family:var(--h2_typography-font-family);--awb-caption-title-font-weight:var(--h2_typography-font-weight);--awb-caption-title-font-style:var(--h2_typography-font-style);--awb-caption-title-size:var(--h2_typography-font-size);--awb-caption-title-transform:var(--h2_typography-text-transform);--awb-caption-title-line-height:var(--h2_typography-line-height);--awb-caption-title-letter-spacing:var(--h2_typography-letter-spacing);\"><span class=\" fusion-imageframe imageframe-none imageframe-2 hover-type-none\"><img decoding=\"async\" width=\"700\" height=\"442\" alt=\"dommages cons\u00e9quents aux cyberattaques, logiciels malveillants ou ran\u00e7onnage\" title=\"enquetespec-2\" src=\"https:\/\/www.drlinc.ca\/wp-content\/uploads\/2021\/04\/enquetespec-2.jpg\" class=\"img-responsive wp-image-1490\" srcset=\"https:\/\/www.drlinc.ca\/wp-content\/uploads\/2021\/04\/enquetespec-2-200x126.jpg 200w, https:\/\/www.drlinc.ca\/wp-content\/uploads\/2021\/04\/enquetespec-2-400x253.jpg 400w, https:\/\/www.drlinc.ca\/wp-content\/uploads\/2021\/04\/enquetespec-2-600x379.jpg 600w, https:\/\/www.drlinc.ca\/wp-content\/uploads\/2021\/04\/enquetespec-2.jpg 700w\" sizes=\"(max-width: 1024px) 100vw, (max-width: 850px) 100vw, 600px\" loading=\"lazy\" \/><\/span><\/div><\/div><\/div><\/div><\/div><div class=\"fusion-fullwidth fullwidth-box fusion-builder-row-4 fusion-flex-container nonhundred-percent-fullwidth non-hundred-percent-height-scrolling\" style=\"--awb-border-radius-top-left:0px;--awb-border-radius-top-right:0px;--awb-border-radius-bottom-right:0px;--awb-border-radius-bottom-left:0px;--awb-flex-wrap:wrap;\" ><div class=\"fusion-builder-row fusion-row fusion-flex-align-items-flex-start fusion-flex-content-wrap\" style=\"max-width:1216.8px;margin-left: calc(-4% \/ 2 );margin-right: calc(-4% \/ 2 );\"><div class=\"fusion-layout-column fusion_builder_column fusion-builder-column-5 fusion_builder_column_1_2 1_2 fusion-flex-column\" style=\"--awb-padding-right:30px;--awb-bg-size:cover;--awb-width-large:50%;--awb-margin-top-large:0px;--awb-spacing-right-large:3.84%;--awb-margin-bottom-large:20px;--awb-spacing-left-large:3.84%;--awb-width-medium:100%;--awb-order-medium:0;--awb-spacing-right-medium:1.92%;--awb-spacing-left-medium:1.92%;--awb-width-small:100%;--awb-order-small:0;--awb-spacing-right-small:1.92%;--awb-spacing-left-small:1.92%;\"><div class=\"fusion-column-wrapper fusion-column-has-shadow fusion-flex-justify-content-flex-start fusion-content-layout-column\"><div class=\"fusion-image-element \" style=\"--awb-caption-title-font-family:var(--h2_typography-font-family);--awb-caption-title-font-weight:var(--h2_typography-font-weight);--awb-caption-title-font-style:var(--h2_typography-font-style);--awb-caption-title-size:var(--h2_typography-font-size);--awb-caption-title-transform:var(--h2_typography-text-transform);--awb-caption-title-line-height:var(--h2_typography-line-height);--awb-caption-title-letter-spacing:var(--h2_typography-letter-spacing);\"><span class=\" fusion-imageframe imageframe-none imageframe-3 hover-type-none\"><img decoding=\"async\" width=\"700\" height=\"393\" alt=\"enqu\u00eates sp\u00e9ciales expertise en sinistres\" title=\"enquetespec-3\" src=\"https:\/\/www.drlinc.ca\/wp-content\/uploads\/2021\/04\/enquetespec-3.jpg\" class=\"img-responsive wp-image-1491\" srcset=\"https:\/\/www.drlinc.ca\/wp-content\/uploads\/2021\/04\/enquetespec-3-200x112.jpg 200w, https:\/\/www.drlinc.ca\/wp-content\/uploads\/2021\/04\/enquetespec-3-400x225.jpg 400w, https:\/\/www.drlinc.ca\/wp-content\/uploads\/2021\/04\/enquetespec-3-600x337.jpg 600w, https:\/\/www.drlinc.ca\/wp-content\/uploads\/2021\/04\/enquetespec-3.jpg 700w\" sizes=\"(max-width: 1024px) 100vw, (max-width: 850px) 100vw, 600px\" loading=\"lazy\" \/><\/span><\/div><\/div><\/div><div class=\"fusion-layout-column fusion_builder_column fusion-builder-column-6 fusion_builder_column_1_2 1_2 fusion-flex-column\" style=\"--awb-bg-size:cover;--awb-width-large:50%;--awb-margin-top-large:0px;--awb-spacing-right-large:3.84%;--awb-margin-bottom-large:20px;--awb-spacing-left-large:3.84%;--awb-width-medium:100%;--awb-order-medium:0;--awb-spacing-right-medium:1.92%;--awb-spacing-left-medium:1.92%;--awb-width-small:100%;--awb-order-small:0;--awb-spacing-right-small:1.92%;--awb-spacing-left-small:1.92%;\"><div class=\"fusion-column-wrapper fusion-column-has-shadow fusion-flex-justify-content-flex-start fusion-content-layout-column\"><div class=\"fusion-text fusion-text-3\"><p>La vigilance de nos experts ainsi que les enqu\u00eates et entrevues serr\u00e9es donnent des r\u00e9sultats concluants facilitant la prise de position de nos commettants. Celle-ci d\u2019ailleurs souvent ent\u00e9rin\u00e9e par les tribunaux.<\/p>\n<\/div><\/div><\/div><\/div><\/div><div class=\"fusion-fullwidth fullwidth-box fusion-builder-row-5 fusion-flex-container fusion-parallax-none nonhundred-percent-fullwidth non-hundred-percent-height-scrolling\" style=\"--awb-border-radius-top-left:0px;--awb-border-radius-top-right:0px;--awb-border-radius-bottom-right:0px;--awb-border-radius-bottom-left:0px;--awb-padding-top:100px;--awb-padding-bottom:100px;--awb-margin-top:100px;--awb-background-image:url(&quot;https:\/\/www.drlinc.ca\/wp-content\/uploads\/2021\/04\/bg-temoignages.jpg&quot;);--awb-background-size:cover;--awb-flex-wrap:wrap;\" ><div class=\"fusion-builder-row fusion-row fusion-flex-align-items-flex-start fusion-flex-content-wrap\" style=\"max-width:1216.8px;margin-left: calc(-4% \/ 2 );margin-right: calc(-4% \/ 2 );\"><div class=\"fusion-layout-column fusion_builder_column fusion-builder-column-7 fusion_builder_column_1_1 1_1 fusion-flex-column\" style=\"--awb-bg-size:cover;--awb-width-large:100%;--awb-margin-top-large:0px;--awb-spacing-right-large:1.92%;--awb-margin-bottom-large:20px;--awb-spacing-left-large:1.92%;--awb-width-medium:100%;--awb-order-medium:0;--awb-spacing-right-medium:1.92%;--awb-spacing-left-medium:1.92%;--awb-width-small:100%;--awb-order-small:0;--awb-spacing-right-small:1.92%;--awb-spacing-left-small:1.92%;\"><div class=\"fusion-column-wrapper fusion-column-has-shadow fusion-flex-justify-content-flex-start fusion-content-layout-column\"><div class=\"fusion-text fusion-text-4\" style=\"--awb-content-alignment:center;--awb-font-size:30px;--awb-line-height:30px;--awb-text-color:#ffffff;--awb-text-font-family:&quot;Lato&quot;;--awb-text-font-style:italic;--awb-text-font-weight:400;\"><p>\u00ab\u00a0Encore une fois, je tiens \u00e0 souligner votre travail exceptionnel. Sans vous, et votre pers\u00e9v\u00e9rance, nous n\u2019en serions pas \u00e0 un d\u00e9sistement.\u00a0\u00bb<br \/>\n\u2013<span style=\"font-size: 24px;\">D.A., analyste<\/span><\/p>\n<\/div><\/div><\/div><\/div><\/div><\/p>\n","protected":false},"excerpt":{"rendered":"","protected":false},"author":1,"featured_media":0,"parent":1379,"menu_order":0,"comment_status":"closed","ping_status":"closed","template":"100-width.php","meta":{"footnotes":""},"class_list":["post-1488","page","type-page","status-publish","hentry"],"yoast_head":"<!-- This site is optimized with the Yoast SEO plugin v26.9 - https:\/\/yoast.com\/product\/yoast-seo-wordpress\/ -->\n<title>Enqu\u00eates sp\u00e9ciales - Desforges Roy Lessard<\/title>\n<meta name=\"description\" content=\"Causes de sinistres complexes, r\u00e9clamations potentiellement frauduleuses, incendies criminels, cyberattaques et logiciels malveillants...\" \/>\n<meta name=\"robots\" content=\"index, follow, max-snippet:-1, max-image-preview:large, max-video-preview:-1\" \/>\n<link rel=\"canonical\" href=\"https:\/\/www.drlinc.ca\/fr\/champs-dexpertise\/enquetes-speciales\/\" \/>\n<meta property=\"og:locale\" content=\"fr_CA\" \/>\n<meta property=\"og:type\" content=\"article\" \/>\n<meta property=\"og:title\" content=\"Enqu\u00eates sp\u00e9ciales - Desforges Roy Lessard\" \/>\n<meta property=\"og:description\" content=\"Causes de sinistres complexes, r\u00e9clamations potentiellement frauduleuses, incendies criminels, cyberattaques et logiciels malveillants...\" \/>\n<meta property=\"og:url\" content=\"https:\/\/www.drlinc.ca\/fr\/champs-dexpertise\/enquetes-speciales\/\" \/>\n<meta property=\"og:site_name\" content=\"Desforges Roy Lessard\" \/>\n<meta property=\"article:modified_time\" content=\"2024-03-07T22:47:56+00:00\" \/>\n<meta name=\"twitter:card\" content=\"summary_large_image\" \/>\n<meta name=\"twitter:label1\" content=\"Estimation du temps de lecture\" \/>\n\t<meta name=\"twitter:data1\" content=\"10 minutes\" \/>\n<script type=\"application\/ld+json\" class=\"yoast-schema-graph\">{\"@context\":\"https:\/\/schema.org\",\"@graph\":[{\"@type\":\"WebPage\",\"@id\":\"https:\/\/www.drlinc.ca\/fr\/champs-dexpertise\/enquetes-speciales\/\",\"url\":\"https:\/\/www.drlinc.ca\/fr\/champs-dexpertise\/enquetes-speciales\/\",\"name\":\"Enqu\u00eates sp\u00e9ciales - Desforges Roy Lessard\",\"isPartOf\":{\"@id\":\"https:\/\/www.drlinc.ca\/fr\/#website\"},\"datePublished\":\"2021-04-07T01:14:48+00:00\",\"dateModified\":\"2024-03-07T22:47:56+00:00\",\"description\":\"Causes de sinistres complexes, r\u00e9clamations potentiellement frauduleuses, incendies criminels, cyberattaques et logiciels malveillants...\",\"breadcrumb\":{\"@id\":\"https:\/\/www.drlinc.ca\/fr\/champs-dexpertise\/enquetes-speciales\/#breadcrumb\"},\"inLanguage\":\"fr-CA\",\"potentialAction\":[{\"@type\":\"ReadAction\",\"target\":[\"https:\/\/www.drlinc.ca\/fr\/champs-dexpertise\/enquetes-speciales\/\"]}]},{\"@type\":\"BreadcrumbList\",\"@id\":\"https:\/\/www.drlinc.ca\/fr\/champs-dexpertise\/enquetes-speciales\/#breadcrumb\",\"itemListElement\":[{\"@type\":\"ListItem\",\"position\":1,\"name\":\"Champs d&rsquo;expertise\",\"item\":\"https:\/\/www.drlinc.ca\/fr\/champs-dexpertise\/\"},{\"@type\":\"ListItem\",\"position\":2,\"name\":\"Enqu\u00eates sp\u00e9ciales\"}]},{\"@type\":\"WebSite\",\"@id\":\"https:\/\/www.drlinc.ca\/fr\/#website\",\"url\":\"https:\/\/www.drlinc.ca\/fr\/\",\"name\":\"Desforges Roy Lessard\",\"description\":\"Un site utilisant WordPress\",\"potentialAction\":[{\"@type\":\"SearchAction\",\"target\":{\"@type\":\"EntryPoint\",\"urlTemplate\":\"https:\/\/www.drlinc.ca\/fr\/?s={search_term_string}\"},\"query-input\":{\"@type\":\"PropertyValueSpecification\",\"valueRequired\":true,\"valueName\":\"search_term_string\"}}],\"inLanguage\":\"fr-CA\"}]}<\/script>\n<!-- \/ Yoast SEO plugin. -->","yoast_head_json":{"title":"Enqu\u00eates sp\u00e9ciales - Desforges Roy Lessard","description":"Causes de sinistres complexes, r\u00e9clamations potentiellement frauduleuses, incendies criminels, cyberattaques et logiciels malveillants...","robots":{"index":"index","follow":"follow","max-snippet":"max-snippet:-1","max-image-preview":"max-image-preview:large","max-video-preview":"max-video-preview:-1"},"canonical":"https:\/\/www.drlinc.ca\/fr\/champs-dexpertise\/enquetes-speciales\/","og_locale":"fr_CA","og_type":"article","og_title":"Enqu\u00eates sp\u00e9ciales - Desforges Roy Lessard","og_description":"Causes de sinistres complexes, r\u00e9clamations potentiellement frauduleuses, incendies criminels, cyberattaques et logiciels malveillants...","og_url":"https:\/\/www.drlinc.ca\/fr\/champs-dexpertise\/enquetes-speciales\/","og_site_name":"Desforges Roy Lessard","article_modified_time":"2024-03-07T22:47:56+00:00","twitter_card":"summary_large_image","twitter_misc":{"Estimation du temps de lecture":"10 minutes"},"schema":{"@context":"https:\/\/schema.org","@graph":[{"@type":"WebPage","@id":"https:\/\/www.drlinc.ca\/fr\/champs-dexpertise\/enquetes-speciales\/","url":"https:\/\/www.drlinc.ca\/fr\/champs-dexpertise\/enquetes-speciales\/","name":"Enqu\u00eates sp\u00e9ciales - Desforges Roy Lessard","isPartOf":{"@id":"https:\/\/www.drlinc.ca\/fr\/#website"},"datePublished":"2021-04-07T01:14:48+00:00","dateModified":"2024-03-07T22:47:56+00:00","description":"Causes de sinistres complexes, r\u00e9clamations potentiellement frauduleuses, incendies criminels, cyberattaques et logiciels malveillants...","breadcrumb":{"@id":"https:\/\/www.drlinc.ca\/fr\/champs-dexpertise\/enquetes-speciales\/#breadcrumb"},"inLanguage":"fr-CA","potentialAction":[{"@type":"ReadAction","target":["https:\/\/www.drlinc.ca\/fr\/champs-dexpertise\/enquetes-speciales\/"]}]},{"@type":"BreadcrumbList","@id":"https:\/\/www.drlinc.ca\/fr\/champs-dexpertise\/enquetes-speciales\/#breadcrumb","itemListElement":[{"@type":"ListItem","position":1,"name":"Champs d&rsquo;expertise","item":"https:\/\/www.drlinc.ca\/fr\/champs-dexpertise\/"},{"@type":"ListItem","position":2,"name":"Enqu\u00eates sp\u00e9ciales"}]},{"@type":"WebSite","@id":"https:\/\/www.drlinc.ca\/fr\/#website","url":"https:\/\/www.drlinc.ca\/fr\/","name":"Desforges Roy Lessard","description":"Un site utilisant WordPress","potentialAction":[{"@type":"SearchAction","target":{"@type":"EntryPoint","urlTemplate":"https:\/\/www.drlinc.ca\/fr\/?s={search_term_string}"},"query-input":{"@type":"PropertyValueSpecification","valueRequired":true,"valueName":"search_term_string"}}],"inLanguage":"fr-CA"}]}},"_links":{"self":[{"href":"https:\/\/www.drlinc.ca\/fr\/wp-json\/wp\/v2\/pages\/1488","targetHints":{"allow":["GET"]}}],"collection":[{"href":"https:\/\/www.drlinc.ca\/fr\/wp-json\/wp\/v2\/pages"}],"about":[{"href":"https:\/\/www.drlinc.ca\/fr\/wp-json\/wp\/v2\/types\/page"}],"author":[{"embeddable":true,"href":"https:\/\/www.drlinc.ca\/fr\/wp-json\/wp\/v2\/users\/1"}],"replies":[{"embeddable":true,"href":"https:\/\/www.drlinc.ca\/fr\/wp-json\/wp\/v2\/comments?post=1488"}],"version-history":[{"count":5,"href":"https:\/\/www.drlinc.ca\/fr\/wp-json\/wp\/v2\/pages\/1488\/revisions"}],"predecessor-version":[{"id":2192,"href":"https:\/\/www.drlinc.ca\/fr\/wp-json\/wp\/v2\/pages\/1488\/revisions\/2192"}],"up":[{"embeddable":true,"href":"https:\/\/www.drlinc.ca\/fr\/wp-json\/wp\/v2\/pages\/1379"}],"wp:attachment":[{"href":"https:\/\/www.drlinc.ca\/fr\/wp-json\/wp\/v2\/media?parent=1488"}],"curies":[{"name":"wp","href":"https:\/\/api.w.org\/{rel}","templated":true}]}}