{"id":1494,"date":"2021-04-07T01:20:37","date_gmt":"2021-04-07T01:20:37","guid":{"rendered":"https:\/\/www.drlinc.ca\/?page_id=1494"},"modified":"2021-05-04T23:00:53","modified_gmt":"2021-05-04T23:00:53","slug":"a-la-carte","status":"publish","type":"page","link":"https:\/\/www.drlinc.ca\/fr\/champs-dexpertise\/a-la-carte\/","title":{"rendered":"\u00c0 la carte"},"content":{"rendered":"<p><div class=\"fusion-fullwidth fullwidth-box fusion-builder-row-1 fusion-flex-container nonhundred-percent-fullwidth non-hundred-percent-height-scrolling\" style=\"--awb-border-radius-top-left:0px;--awb-border-radius-top-right:0px;--awb-border-radius-bottom-right:0px;--awb-border-radius-bottom-left:0px;--awb-padding-top:50px;--awb-padding-bottom:50px;--awb-flex-wrap:wrap;\" ><div class=\"fusion-builder-row fusion-row fusion-flex-align-items-flex-start fusion-flex-content-wrap\" style=\"max-width:1216.8px;margin-left: calc(-4% \/ 2 );margin-right: calc(-4% \/ 2 );\"><div class=\"fusion-layout-column fusion_builder_column fusion-builder-column-0 fusion_builder_column_1_1 1_1 fusion-flex-column\" style=\"--awb-bg-size:cover;--awb-width-large:100%;--awb-margin-top-large:0px;--awb-spacing-right-large:1.92%;--awb-margin-bottom-large:20px;--awb-spacing-left-large:1.92%;--awb-width-medium:100%;--awb-order-medium:0;--awb-spacing-right-medium:1.92%;--awb-spacing-left-medium:1.92%;--awb-width-small:100%;--awb-order-small:0;--awb-spacing-right-small:1.92%;--awb-spacing-left-small:1.92%;\"><div class=\"fusion-column-wrapper fusion-column-has-shadow fusion-flex-justify-content-flex-start fusion-content-layout-column\"><div class=\"fusion-title title fusion-title-1 fusion-title-center fusion-title-text fusion-title-size-two\" style=\"--awb-text-color:#000000;--awb-font-size:38px;\"><div class=\"title-sep-container title-sep-container-left\"><div class=\"title-sep sep- sep-solid\" style=\"border-color:#e0dede;\"><\/div><\/div><span class=\"awb-title-spacer\"><\/span><h2 class=\"fusion-title-heading title-heading-center\" style=\"font-family:&quot;Lato&quot;;font-style:normal;font-weight:700;margin:0;font-size:1em;line-height:38px;\">LA FORMULE DRL<\/h2><span class=\"awb-title-spacer\"><\/span><div class=\"title-sep-container title-sep-container-right\"><div class=\"title-sep sep- sep-solid\" style=\"border-color:#e0dede;\"><\/div><\/div><\/div><div class=\"fusion-title title fusion-title-2 fusion-title-center fusion-title-text fusion-title-size-two\" style=\"--awb-text-color:#000000;--awb-font-size:38px;\"><div class=\"title-sep-container title-sep-container-left\"><div class=\"title-sep sep- sep-solid\" style=\"border-color:#e0dede;\"><\/div><\/div><span class=\"awb-title-spacer\"><\/span><h2 class=\"fusion-title-heading title-heading-center\" style=\"font-family:&quot;Lato&quot;;font-style:normal;font-weight:400;margin:0;font-size:1em;line-height:38px;\">Exclusive \u2022 Rigoureuse \u2022 Concluante<\/h2><span class=\"awb-title-spacer\"><\/span><div class=\"title-sep-container title-sep-container-right\"><div class=\"title-sep sep- sep-solid\" style=\"border-color:#e0dede;\"><\/div><\/div><\/div><\/div><\/div><\/div><\/div><div class=\"fusion-fullwidth fullwidth-box fusion-builder-row-2 fusion-flex-container nonhundred-percent-fullwidth non-hundred-percent-height-scrolling\" style=\"--awb-border-radius-top-left:0px;--awb-border-radius-top-right:0px;--awb-border-radius-bottom-right:0px;--awb-border-radius-bottom-left:0px;--awb-flex-wrap:wrap;\" ><div class=\"fusion-builder-row fusion-row fusion-flex-align-items-flex-start fusion-flex-content-wrap\" style=\"max-width:1216.8px;margin-left: calc(-4% \/ 2 );margin-right: calc(-4% \/ 2 );\"><div class=\"fusion-layout-column fusion_builder_column fusion-builder-column-1 fusion_builder_column_1_2 1_2 fusion-flex-column\" style=\"--awb-padding-right:30px;--awb-bg-size:cover;--awb-width-large:50%;--awb-margin-top-large:0px;--awb-spacing-right-large:3.84%;--awb-margin-bottom-large:20px;--awb-spacing-left-large:3.84%;--awb-width-medium:100%;--awb-order-medium:0;--awb-spacing-right-medium:1.92%;--awb-spacing-left-medium:1.92%;--awb-width-small:100%;--awb-order-small:0;--awb-spacing-right-small:1.92%;--awb-spacing-left-small:1.92%;\"><div class=\"fusion-column-wrapper fusion-column-has-shadow fusion-flex-justify-content-flex-start fusion-content-layout-column\"><div class=\"fusion-image-element \" style=\"--awb-caption-title-font-family:var(--h2_typography-font-family);--awb-caption-title-font-weight:var(--h2_typography-font-weight);--awb-caption-title-font-style:var(--h2_typography-font-style);--awb-caption-title-size:var(--h2_typography-font-size);--awb-caption-title-transform:var(--h2_typography-text-transform);--awb-caption-title-line-height:var(--h2_typography-line-height);--awb-caption-title-letter-spacing:var(--h2_typography-letter-spacing);\"><span class=\" fusion-imageframe imageframe-none imageframe-1 hover-type-none\"><img decoding=\"async\" width=\"700\" height=\"467\" alt=\"expertise en sinistres l\u00e9gal\" title=\"alacarte-1\" src=\"https:\/\/www.drlinc.ca\/wp-content\/uploads\/2021\/04\/alacarte-1.jpg\" class=\"img-responsive wp-image-1495\" srcset=\"https:\/\/www.drlinc.ca\/wp-content\/uploads\/2021\/04\/alacarte-1-200x133.jpg 200w, https:\/\/www.drlinc.ca\/wp-content\/uploads\/2021\/04\/alacarte-1-400x267.jpg 400w, https:\/\/www.drlinc.ca\/wp-content\/uploads\/2021\/04\/alacarte-1-600x400.jpg 600w, https:\/\/www.drlinc.ca\/wp-content\/uploads\/2021\/04\/alacarte-1.jpg 700w\" sizes=\"(max-width: 1024px) 100vw, (max-width: 850px) 100vw, 600px\" loading=\"lazy\" \/><\/span><\/div><\/div><\/div><div class=\"fusion-layout-column fusion_builder_column fusion-builder-column-2 fusion_builder_column_1_2 1_2 fusion-flex-column\" style=\"--awb-bg-size:cover;--awb-width-large:50%;--awb-margin-top-large:0px;--awb-spacing-right-large:3.84%;--awb-margin-bottom-large:20px;--awb-spacing-left-large:3.84%;--awb-width-medium:100%;--awb-order-medium:0;--awb-spacing-right-medium:1.92%;--awb-spacing-left-medium:1.92%;--awb-width-small:100%;--awb-order-small:0;--awb-spacing-right-small:1.92%;--awb-spacing-left-small:1.92%;\"><div class=\"fusion-column-wrapper fusion-column-has-shadow fusion-flex-justify-content-flex-start fusion-content-layout-column\"><div class=\"fusion-text fusion-text-1\"><p>Nous offrons un service d\u2019expertise pour tout autre mandat r\u00e9pondant \u00e0 vos besoins sp\u00e9cifiques, pour vos r\u00e9clamations conventionnelles ou de votre unit\u00e9 sp\u00e9ciale d\u2019enqu\u00eate, tel que:<\/p>\n<ul>\n<li>compl\u00e9ment d\u2019enqu\u00eate,<\/li>\n<li>enqu\u00eate cibl\u00e9e,<\/li>\n<li>assistance,<\/li>\n<li>n\u00e9gociation de r\u00e8glement,<\/li>\n<li>contr\u00f4le sp\u00e9cifique de dommages (b\u00e2timent ou contenu),<\/li>\n<li>\u00e9tude comparative des \u00e9valuations.<\/li>\n<\/ul>\n<p>En plus d\u2019offrir nos services aux compagnies d\u2019assurance, nous pouvons r\u00e9pondre aux besoins des cabinets d\u2019avocats, des organismes publics et parapublics ainsi qu\u2019\u00e0 ceux de l\u2019entreprise priv\u00e9e.<\/p>\n<\/div><\/div><\/div><\/div><\/div><div class=\"fusion-fullwidth fullwidth-box fusion-builder-row-3 fusion-flex-container nonhundred-percent-fullwidth non-hundred-percent-height-scrolling\" style=\"--awb-border-radius-top-left:0px;--awb-border-radius-top-right:0px;--awb-border-radius-bottom-right:0px;--awb-border-radius-bottom-left:0px;--awb-flex-wrap:wrap;\" ><div class=\"fusion-builder-row fusion-row fusion-flex-align-items-flex-start fusion-flex-content-wrap\" style=\"max-width:1216.8px;margin-left: calc(-4% \/ 2 );margin-right: calc(-4% \/ 2 );\"><div class=\"fusion-layout-column fusion_builder_column fusion-builder-column-3 fusion_builder_column_1_1 1_1 fusion-flex-column\" style=\"--awb-padding-top:20px;--awb-padding-right:30px;--awb-padding-bottom:20px;--awb-padding-left:30px;--awb-bg-color:#cccccc;--awb-bg-color-hover:#cccccc;--awb-bg-size:cover;--awb-border-color:#333333;--awb-border-top:1px;--awb-border-right:1px;--awb-border-bottom:1px;--awb-border-left:1px;--awb-border-style:solid;--awb-width-large:100%;--awb-margin-top-large:0px;--awb-spacing-right-large:1.92%;--awb-margin-bottom-large:20px;--awb-spacing-left-large:1.92%;--awb-width-medium:100%;--awb-order-medium:0;--awb-spacing-right-medium:1.92%;--awb-spacing-left-medium:1.92%;--awb-width-small:100%;--awb-order-small:0;--awb-spacing-right-small:1.92%;--awb-spacing-left-small:1.92%;\"><div class=\"fusion-column-wrapper fusion-column-has-shadow fusion-flex-justify-content-flex-start fusion-content-layout-column\"><div class=\"fusion-text fusion-text-2\"><p><strong>HONORAIRES<br \/>\n<\/strong>Contactez-nous, il nous fera plaisir de vous expliquer notre formule de facturation et ce qui fait que DRL est un investissement et non une d\u00e9pense!<\/p>\n<\/div><\/div><\/div><\/div><\/div><div class=\"fusion-fullwidth fullwidth-box fusion-builder-row-4 fusion-flex-container fusion-parallax-none nonhundred-percent-fullwidth non-hundred-percent-height-scrolling\" style=\"--awb-border-radius-top-left:0px;--awb-border-radius-top-right:0px;--awb-border-radius-bottom-right:0px;--awb-border-radius-bottom-left:0px;--awb-padding-top:100px;--awb-padding-bottom:100px;--awb-margin-top:100px;--awb-background-image:url(&quot;https:\/\/www.drlinc.ca\/wp-content\/uploads\/2021\/04\/bg-temoignages.jpg&quot;);--awb-background-size:cover;--awb-flex-wrap:wrap;\" ><div class=\"fusion-builder-row fusion-row fusion-flex-align-items-flex-start fusion-flex-content-wrap\" style=\"max-width:1216.8px;margin-left: calc(-4% \/ 2 );margin-right: calc(-4% \/ 2 );\"><div class=\"fusion-layout-column fusion_builder_column fusion-builder-column-4 fusion_builder_column_1_1 1_1 fusion-flex-column\" style=\"--awb-bg-size:cover;--awb-width-large:100%;--awb-margin-top-large:0px;--awb-spacing-right-large:1.92%;--awb-margin-bottom-large:20px;--awb-spacing-left-large:1.92%;--awb-width-medium:100%;--awb-order-medium:0;--awb-spacing-right-medium:1.92%;--awb-spacing-left-medium:1.92%;--awb-width-small:100%;--awb-order-small:0;--awb-spacing-right-small:1.92%;--awb-spacing-left-small:1.92%;\"><div class=\"fusion-column-wrapper fusion-column-has-shadow fusion-flex-justify-content-flex-start fusion-content-layout-column\"><div class=\"fusion-text fusion-text-3\" style=\"--awb-content-alignment:center;--awb-font-size:30px;--awb-line-height:30px;--awb-text-color:#ffffff;--awb-text-font-family:&quot;Lato&quot;;--awb-text-font-style:italic;--awb-text-font-weight:400;\"><p>\u00ab\u00a0Je dois souligner le travail magistral de l\u2019expert en sinistre de DRL. En 35 ans de pratique, j\u2019ai rarement vu un t\u00e9moin poss\u00e9der autant son dossier.\u00a0\u00bb<br \/>\n\u2013<span style=\"font-size: 24px;\">BB, avocat<\/span><\/p>\n<\/div><\/div><\/div><\/div><\/div><\/p>\n","protected":false},"excerpt":{"rendered":"","protected":false},"author":1,"featured_media":0,"parent":1379,"menu_order":0,"comment_status":"closed","ping_status":"closed","template":"100-width.php","meta":{"footnotes":""},"class_list":["post-1494","page","type-page","status-publish","hentry"],"yoast_head":"<!-- This site is optimized with the Yoast SEO plugin v26.9 - https:\/\/yoast.com\/product\/yoast-seo-wordpress\/ -->\n<title>\u00c0 la carte - Desforges Roy Lessard<\/title>\n<meta name=\"description\" content=\"Experts en sinistres pour compagnies d\u2019assurance, cabinets d\u2019avocats, organismes publics et parapublics, et entreprises priv\u00e9es.\" \/>\n<meta name=\"robots\" content=\"index, follow, max-snippet:-1, max-image-preview:large, max-video-preview:-1\" \/>\n<link rel=\"canonical\" href=\"https:\/\/www.drlinc.ca\/fr\/champs-dexpertise\/a-la-carte\/\" \/>\n<meta property=\"og:locale\" content=\"fr_CA\" \/>\n<meta property=\"og:type\" content=\"article\" \/>\n<meta property=\"og:title\" content=\"\u00c0 la carte - Desforges Roy Lessard\" \/>\n<meta property=\"og:description\" content=\"Experts en sinistres pour compagnies d\u2019assurance, cabinets d\u2019avocats, organismes publics et parapublics, et entreprises priv\u00e9es.\" \/>\n<meta property=\"og:url\" content=\"https:\/\/www.drlinc.ca\/fr\/champs-dexpertise\/a-la-carte\/\" \/>\n<meta property=\"og:site_name\" content=\"Desforges Roy Lessard\" \/>\n<meta property=\"article:modified_time\" content=\"2021-05-04T23:00:53+00:00\" \/>\n<meta name=\"twitter:card\" content=\"summary_large_image\" \/>\n<meta name=\"twitter:label1\" content=\"Estimation du temps de lecture\" \/>\n\t<meta name=\"twitter:data1\" content=\"6 minutes\" \/>\n<script type=\"application\/ld+json\" class=\"yoast-schema-graph\">{\"@context\":\"https:\/\/schema.org\",\"@graph\":[{\"@type\":\"WebPage\",\"@id\":\"https:\/\/www.drlinc.ca\/fr\/champs-dexpertise\/a-la-carte\/\",\"url\":\"https:\/\/www.drlinc.ca\/fr\/champs-dexpertise\/a-la-carte\/\",\"name\":\"\u00c0 la carte - Desforges Roy Lessard\",\"isPartOf\":{\"@id\":\"https:\/\/www.drlinc.ca\/fr\/#website\"},\"datePublished\":\"2021-04-07T01:20:37+00:00\",\"dateModified\":\"2021-05-04T23:00:53+00:00\",\"description\":\"Experts en sinistres pour compagnies d\u2019assurance, cabinets d\u2019avocats, organismes publics et parapublics, et entreprises priv\u00e9es.\",\"breadcrumb\":{\"@id\":\"https:\/\/www.drlinc.ca\/fr\/champs-dexpertise\/a-la-carte\/#breadcrumb\"},\"inLanguage\":\"fr-CA\",\"potentialAction\":[{\"@type\":\"ReadAction\",\"target\":[\"https:\/\/www.drlinc.ca\/fr\/champs-dexpertise\/a-la-carte\/\"]}]},{\"@type\":\"BreadcrumbList\",\"@id\":\"https:\/\/www.drlinc.ca\/fr\/champs-dexpertise\/a-la-carte\/#breadcrumb\",\"itemListElement\":[{\"@type\":\"ListItem\",\"position\":1,\"name\":\"Champs d&rsquo;expertise\",\"item\":\"https:\/\/www.drlinc.ca\/fr\/champs-dexpertise\/\"},{\"@type\":\"ListItem\",\"position\":2,\"name\":\"\u00c0 la carte\"}]},{\"@type\":\"WebSite\",\"@id\":\"https:\/\/www.drlinc.ca\/fr\/#website\",\"url\":\"https:\/\/www.drlinc.ca\/fr\/\",\"name\":\"Desforges Roy Lessard\",\"description\":\"Un site utilisant WordPress\",\"potentialAction\":[{\"@type\":\"SearchAction\",\"target\":{\"@type\":\"EntryPoint\",\"urlTemplate\":\"https:\/\/www.drlinc.ca\/fr\/?s={search_term_string}\"},\"query-input\":{\"@type\":\"PropertyValueSpecification\",\"valueRequired\":true,\"valueName\":\"search_term_string\"}}],\"inLanguage\":\"fr-CA\"}]}<\/script>\n<!-- \/ Yoast SEO plugin. -->","yoast_head_json":{"title":"\u00c0 la carte - Desforges Roy Lessard","description":"Experts en sinistres pour compagnies d\u2019assurance, cabinets d\u2019avocats, organismes publics et parapublics, et entreprises priv\u00e9es.","robots":{"index":"index","follow":"follow","max-snippet":"max-snippet:-1","max-image-preview":"max-image-preview:large","max-video-preview":"max-video-preview:-1"},"canonical":"https:\/\/www.drlinc.ca\/fr\/champs-dexpertise\/a-la-carte\/","og_locale":"fr_CA","og_type":"article","og_title":"\u00c0 la carte - Desforges Roy Lessard","og_description":"Experts en sinistres pour compagnies d\u2019assurance, cabinets d\u2019avocats, organismes publics et parapublics, et entreprises priv\u00e9es.","og_url":"https:\/\/www.drlinc.ca\/fr\/champs-dexpertise\/a-la-carte\/","og_site_name":"Desforges Roy Lessard","article_modified_time":"2021-05-04T23:00:53+00:00","twitter_card":"summary_large_image","twitter_misc":{"Estimation du temps de lecture":"6 minutes"},"schema":{"@context":"https:\/\/schema.org","@graph":[{"@type":"WebPage","@id":"https:\/\/www.drlinc.ca\/fr\/champs-dexpertise\/a-la-carte\/","url":"https:\/\/www.drlinc.ca\/fr\/champs-dexpertise\/a-la-carte\/","name":"\u00c0 la carte - Desforges Roy Lessard","isPartOf":{"@id":"https:\/\/www.drlinc.ca\/fr\/#website"},"datePublished":"2021-04-07T01:20:37+00:00","dateModified":"2021-05-04T23:00:53+00:00","description":"Experts en sinistres pour compagnies d\u2019assurance, cabinets d\u2019avocats, organismes publics et parapublics, et entreprises priv\u00e9es.","breadcrumb":{"@id":"https:\/\/www.drlinc.ca\/fr\/champs-dexpertise\/a-la-carte\/#breadcrumb"},"inLanguage":"fr-CA","potentialAction":[{"@type":"ReadAction","target":["https:\/\/www.drlinc.ca\/fr\/champs-dexpertise\/a-la-carte\/"]}]},{"@type":"BreadcrumbList","@id":"https:\/\/www.drlinc.ca\/fr\/champs-dexpertise\/a-la-carte\/#breadcrumb","itemListElement":[{"@type":"ListItem","position":1,"name":"Champs d&rsquo;expertise","item":"https:\/\/www.drlinc.ca\/fr\/champs-dexpertise\/"},{"@type":"ListItem","position":2,"name":"\u00c0 la carte"}]},{"@type":"WebSite","@id":"https:\/\/www.drlinc.ca\/fr\/#website","url":"https:\/\/www.drlinc.ca\/fr\/","name":"Desforges Roy Lessard","description":"Un site utilisant WordPress","potentialAction":[{"@type":"SearchAction","target":{"@type":"EntryPoint","urlTemplate":"https:\/\/www.drlinc.ca\/fr\/?s={search_term_string}"},"query-input":{"@type":"PropertyValueSpecification","valueRequired":true,"valueName":"search_term_string"}}],"inLanguage":"fr-CA"}]}},"_links":{"self":[{"href":"https:\/\/www.drlinc.ca\/fr\/wp-json\/wp\/v2\/pages\/1494","targetHints":{"allow":["GET"]}}],"collection":[{"href":"https:\/\/www.drlinc.ca\/fr\/wp-json\/wp\/v2\/pages"}],"about":[{"href":"https:\/\/www.drlinc.ca\/fr\/wp-json\/wp\/v2\/types\/page"}],"author":[{"embeddable":true,"href":"https:\/\/www.drlinc.ca\/fr\/wp-json\/wp\/v2\/users\/1"}],"replies":[{"embeddable":true,"href":"https:\/\/www.drlinc.ca\/fr\/wp-json\/wp\/v2\/comments?post=1494"}],"version-history":[{"count":9,"href":"https:\/\/www.drlinc.ca\/fr\/wp-json\/wp\/v2\/pages\/1494\/revisions"}],"predecessor-version":[{"id":1496,"href":"https:\/\/www.drlinc.ca\/fr\/wp-json\/wp\/v2\/pages\/1494\/revisions\/1496"}],"up":[{"embeddable":true,"href":"https:\/\/www.drlinc.ca\/fr\/wp-json\/wp\/v2\/pages\/1379"}],"wp:attachment":[{"href":"https:\/\/www.drlinc.ca\/fr\/wp-json\/wp\/v2\/media?parent=1494"}],"curies":[{"name":"wp","href":"https:\/\/api.w.org\/{rel}","templated":true}]}}