{"id":1544,"date":"2021-04-07T03:06:27","date_gmt":"2021-04-07T03:06:27","guid":{"rendered":"https:\/\/www.drlinc.ca\/?page_id=1544"},"modified":"2024-01-24T23:58:57","modified_gmt":"2024-01-24T23:58:57","slug":"lentreprise","status":"publish","type":"page","link":"https:\/\/www.drlinc.ca\/fr\/profil\/lentreprise\/","title":{"rendered":"L&rsquo;entreprise"},"content":{"rendered":"<p><div class=\"fusion-fullwidth fullwidth-box fusion-builder-row-1 fusion-flex-container nonhundred-percent-fullwidth non-hundred-percent-height-scrolling\" style=\"--awb-border-radius-top-left:0px;--awb-border-radius-top-right:0px;--awb-border-radius-bottom-right:0px;--awb-border-radius-bottom-left:0px;--awb-padding-top:50px;--awb-padding-bottom:50px;--awb-flex-wrap:wrap;\" ><div class=\"fusion-builder-row fusion-row fusion-flex-align-items-flex-start fusion-flex-content-wrap\" style=\"max-width:1216.8px;margin-left: calc(-4% \/ 2 );margin-right: calc(-4% \/ 2 );\"><div class=\"fusion-layout-column fusion_builder_column fusion-builder-column-0 fusion_builder_column_1_1 1_1 fusion-flex-column\" style=\"--awb-bg-size:cover;--awb-width-large:100%;--awb-margin-top-large:0px;--awb-spacing-right-large:1.92%;--awb-margin-bottom-large:20px;--awb-spacing-left-large:1.92%;--awb-width-medium:100%;--awb-order-medium:0;--awb-spacing-right-medium:1.92%;--awb-spacing-left-medium:1.92%;--awb-width-small:100%;--awb-order-small:0;--awb-spacing-right-small:1.92%;--awb-spacing-left-small:1.92%;\"><div class=\"fusion-column-wrapper fusion-column-has-shadow fusion-flex-justify-content-flex-start fusion-content-layout-column\"><div class=\"fusion-title title fusion-title-1 fusion-title-center fusion-title-text fusion-title-size-two\" style=\"--awb-text-color:#000000;--awb-font-size:38px;\"><div class=\"title-sep-container title-sep-container-left\"><div class=\"title-sep sep- sep-solid\" style=\"border-color:#e0dede;\"><\/div><\/div><span class=\"awb-title-spacer\"><\/span><h2 class=\"fusion-title-heading title-heading-center\" style=\"font-family:&quot;Lato&quot;;font-style:normal;font-weight:700;margin:0;font-size:1em;line-height:38px;\">LA FORMULE DRL<\/h2><span class=\"awb-title-spacer\"><\/span><div class=\"title-sep-container title-sep-container-right\"><div class=\"title-sep sep- sep-solid\" style=\"border-color:#e0dede;\"><\/div><\/div><\/div><div class=\"fusion-title title fusion-title-2 fusion-title-center fusion-title-text fusion-title-size-two\" style=\"--awb-text-color:#000000;--awb-font-size:38px;\"><div class=\"title-sep-container title-sep-container-left\"><div class=\"title-sep sep- sep-solid\" style=\"border-color:#e0dede;\"><\/div><\/div><span class=\"awb-title-spacer\"><\/span><h2 class=\"fusion-title-heading title-heading-center\" style=\"font-family:&quot;Lato&quot;;font-style:normal;font-weight:400;margin:0;font-size:1em;line-height:38px;\">Pour une confiance et une certitude des r\u00e9sultats<\/h2><span class=\"awb-title-spacer\"><\/span><div class=\"title-sep-container title-sep-container-right\"><div class=\"title-sep sep- sep-solid\" style=\"border-color:#e0dede;\"><\/div><\/div><\/div><\/div><\/div><\/div><\/div><div class=\"fusion-fullwidth fullwidth-box fusion-builder-row-2 fusion-flex-container nonhundred-percent-fullwidth non-hundred-percent-height-scrolling\" style=\"--awb-border-radius-top-left:0px;--awb-border-radius-top-right:0px;--awb-border-radius-bottom-right:0px;--awb-border-radius-bottom-left:0px;--awb-flex-wrap:wrap;\" ><div class=\"fusion-builder-row fusion-row fusion-flex-align-items-flex-start fusion-flex-content-wrap\" style=\"max-width:1216.8px;margin-left: calc(-4% \/ 2 );margin-right: calc(-4% \/ 2 );\"><div class=\"fusion-layout-column fusion_builder_column fusion-builder-column-1 fusion_builder_column_1_2 1_2 fusion-flex-column\" style=\"--awb-padding-right:30px;--awb-bg-size:cover;--awb-width-large:50%;--awb-margin-top-large:0px;--awb-spacing-right-large:3.84%;--awb-margin-bottom-large:20px;--awb-spacing-left-large:3.84%;--awb-width-medium:100%;--awb-order-medium:0;--awb-spacing-right-medium:1.92%;--awb-spacing-left-medium:1.92%;--awb-width-small:100%;--awb-order-small:0;--awb-spacing-right-small:1.92%;--awb-spacing-left-small:1.92%;\"><div class=\"fusion-column-wrapper fusion-column-has-shadow fusion-flex-justify-content-flex-start fusion-content-layout-column\"><div class=\"fusion-image-element \" style=\"--awb-caption-title-font-family:var(--h2_typography-font-family);--awb-caption-title-font-weight:var(--h2_typography-font-weight);--awb-caption-title-font-style:var(--h2_typography-font-style);--awb-caption-title-size:var(--h2_typography-font-size);--awb-caption-title-transform:var(--h2_typography-text-transform);--awb-caption-title-line-height:var(--h2_typography-line-height);--awb-caption-title-letter-spacing:var(--h2_typography-letter-spacing);\"><span class=\" fusion-imageframe imageframe-none imageframe-1 hover-type-none\"><img decoding=\"async\" width=\"700\" height=\"442\" alt=\"expertise en sinistres entreprise\" title=\"entreprise-1\" src=\"https:\/\/www.drlinc.ca\/wp-content\/uploads\/2021\/04\/entreprise-1-1.jpg\" class=\"img-responsive wp-image-1760\" srcset=\"https:\/\/www.drlinc.ca\/wp-content\/uploads\/2021\/04\/entreprise-1-1-200x126.jpg 200w, https:\/\/www.drlinc.ca\/wp-content\/uploads\/2021\/04\/entreprise-1-1-400x253.jpg 400w, https:\/\/www.drlinc.ca\/wp-content\/uploads\/2021\/04\/entreprise-1-1-600x379.jpg 600w, https:\/\/www.drlinc.ca\/wp-content\/uploads\/2021\/04\/entreprise-1-1.jpg 700w\" sizes=\"(max-width: 1024px) 100vw, (max-width: 850px) 100vw, 600px\" loading=\"lazy\" \/><\/span><\/div><\/div><\/div><div class=\"fusion-layout-column fusion_builder_column fusion-builder-column-2 fusion_builder_column_1_2 1_2 fusion-flex-column\" style=\"--awb-bg-size:cover;--awb-width-large:50%;--awb-margin-top-large:0px;--awb-spacing-right-large:3.84%;--awb-margin-bottom-large:20px;--awb-spacing-left-large:3.84%;--awb-width-medium:100%;--awb-order-medium:0;--awb-spacing-right-medium:1.92%;--awb-spacing-left-medium:1.92%;--awb-width-small:100%;--awb-order-small:0;--awb-spacing-right-small:1.92%;--awb-spacing-left-small:1.92%;\"><div class=\"fusion-column-wrapper fusion-column-has-shadow fusion-flex-justify-content-flex-start fusion-content-layout-column\"><div class=\"fusion-text fusion-text-1\"><p>C\u2019est en 2000 que DESFORGES ROY LESSARD EXPERTS EN SINISTRES INC. est fond\u00e9e. Un m\u00e9lange unique, n\u00e9 de l\u2019exp\u00e9rience conjugu\u00e9e de ses fondateurs Yves Desforges, Claude Roy et Pierre Lessard. Ceux-ci cumulent maintenant plus de 120 ans d\u2019exp\u00e9rience et un savoir-faire sans \u00e9gal.<\/p>\n<p>En 2015, Genevi\u00e8ve Lessard prend le relais aux c\u00f4t\u00e9s de Pierre comme associ\u00e9e. Quant aux t\u00e9nors d\u2019origine, ils \u0153uvrent toujours au sein de l\u2019entreprise et continuent de transmettre leur exp\u00e9rience.<\/p>\n<p>Au fil des ans, notre cabinet continue de s\u2019enrichir de nouveaux experts en sinistres, s\u00e9lectionn\u00e9s pour leur exp\u00e9rience et leurs qualit\u00e9s distinctives.<\/p>\n<p>Voil\u00e0 ce qui assure une rel\u00e8ve \u00e0 l\u2019image des fondateurs : offrir l\u2019excellence en expertise de sinistres.<\/p>\n<\/div><\/div><\/div><\/div><\/div><div class=\"fusion-fullwidth fullwidth-box fusion-builder-row-3 fusion-flex-container nonhundred-percent-fullwidth non-hundred-percent-height-scrolling\" style=\"--awb-border-radius-top-left:0px;--awb-border-radius-top-right:0px;--awb-border-radius-bottom-right:0px;--awb-border-radius-bottom-left:0px;--awb-margin-top:50px;--awb-margin-bottom:50px;--awb-flex-wrap:wrap;\" ><div class=\"fusion-builder-row fusion-row fusion-flex-align-items-flex-start fusion-flex-content-wrap\" style=\"max-width:1216.8px;margin-left: calc(-4% \/ 2 );margin-right: calc(-4% \/ 2 );\"><div class=\"fusion-layout-column fusion_builder_column fusion-builder-column-3 fusion_builder_column_1_2 1_2 fusion-flex-column\" style=\"--awb-bg-size:cover;--awb-width-large:50%;--awb-margin-top-large:0px;--awb-spacing-right-large:3.84%;--awb-margin-bottom-large:20px;--awb-spacing-left-large:3.84%;--awb-width-medium:100%;--awb-order-medium:0;--awb-spacing-right-medium:1.92%;--awb-spacing-left-medium:1.92%;--awb-width-small:100%;--awb-order-small:0;--awb-spacing-right-small:1.92%;--awb-spacing-left-small:1.92%;\"><div class=\"fusion-column-wrapper fusion-column-has-shadow fusion-flex-justify-content-flex-start fusion-content-layout-column\"><div class=\"fusion-title title fusion-title-3 fusion-title-text fusion-title-size-three\" style=\"--awb-font-size:24px;\"><div class=\"title-sep-container title-sep-container-left fusion-no-large-visibility fusion-no-medium-visibility fusion-no-small-visibility\"><div class=\"title-sep sep- sep-solid\" style=\"border-color:#e0dede;\"><\/div><\/div><span class=\"awb-title-spacer fusion-no-large-visibility fusion-no-medium-visibility fusion-no-small-visibility\"><\/span><h3 class=\"fusion-title-heading title-heading-left\" style=\"font-family:&quot;Lato&quot;;font-style:normal;font-weight:700;margin:0;font-size:1em;line-height:24px;\">NOTRE MISSION<\/h3><span class=\"awb-title-spacer\"><\/span><div class=\"title-sep-container title-sep-container-right\"><div class=\"title-sep sep- sep-solid\" style=\"border-color:#e0dede;\"><\/div><\/div><\/div><div class=\"fusion-text fusion-text-2\"><p>Offrir une qualit\u00e9 d\u2019enqu\u00eate et de contr\u00f4le des dommages exclusive vous permettant de statuer en toute confiance sur les r\u00e9clamations d\u2019assurance.<\/p>\n<\/div><div class=\"fusion-title title fusion-title-4 fusion-title-text fusion-title-size-three\" style=\"--awb-font-size:24px;\"><div class=\"title-sep-container title-sep-container-left fusion-no-large-visibility fusion-no-medium-visibility fusion-no-small-visibility\"><div class=\"title-sep sep- sep-solid\" style=\"border-color:#e0dede;\"><\/div><\/div><span class=\"awb-title-spacer fusion-no-large-visibility fusion-no-medium-visibility fusion-no-small-visibility\"><\/span><h3 class=\"fusion-title-heading title-heading-left\" style=\"font-family:&quot;Lato&quot;;font-style:normal;font-weight:700;margin:0;font-size:1em;line-height:24px;\">NOTRE SAVOIR-FAIRE<\/h3><span class=\"awb-title-spacer\"><\/span><div class=\"title-sep-container title-sep-container-right\"><div class=\"title-sep sep- sep-solid\" style=\"border-color:#e0dede;\"><\/div><\/div><\/div><div class=\"fusion-text fusion-text-3\"><p>En optant pour DRL, vous faites l\u2019exp\u00e9rience d\u2019une expertise en sinistres qui rencontre les standards de qualit\u00e9 les plus \u00e9lev\u00e9s :<\/p>\n<ul>\n<li>des enqu\u00eates compl\u00e8tes men\u00e9es avec doigt\u00e9 et efficience,<\/li>\n<li>une analyse rigoureuse des circonstances et des garanties,<\/li>\n<li>un contr\u00f4le des dommages serr\u00e9,<\/li>\n<li>des recommandations solidement appuy\u00e9es par des donn\u00e9es et des faits pr\u00e9cis,<\/li>\n<li>des conclusions pr\u00e9sent\u00e9es de fa\u00e7on claire, dans un format \u00e0 la mesure de vos besoins,<\/li>\n<li>un sentiment de confiance et de certitude envers les conclusions rapport\u00e9es.<\/li>\n<\/ul>\n<p>L\u2019exp\u00e9rience et le savoir-faire de DRL simplifient le travail de nos collaborateurs.<\/p>\n<\/div><\/div><\/div><div class=\"fusion-layout-column fusion_builder_column fusion-builder-column-4 fusion_builder_column_1_2 1_2 fusion-flex-column\" style=\"--awb-padding-left:30px;--awb-bg-size:cover;--awb-width-large:50%;--awb-margin-top-large:0px;--awb-spacing-right-large:3.84%;--awb-margin-bottom-large:20px;--awb-spacing-left-large:3.84%;--awb-width-medium:100%;--awb-order-medium:0;--awb-spacing-right-medium:1.92%;--awb-spacing-left-medium:1.92%;--awb-width-small:100%;--awb-order-small:0;--awb-spacing-right-small:1.92%;--awb-spacing-left-small:1.92%;\"><div class=\"fusion-column-wrapper fusion-column-has-shadow fusion-flex-justify-content-flex-start fusion-content-layout-column\"><div class=\"fusion-image-element \" style=\"text-align:right;--awb-caption-title-font-family:var(--h2_typography-font-family);--awb-caption-title-font-weight:var(--h2_typography-font-weight);--awb-caption-title-font-style:var(--h2_typography-font-style);--awb-caption-title-size:var(--h2_typography-font-size);--awb-caption-title-transform:var(--h2_typography-text-transform);--awb-caption-title-line-height:var(--h2_typography-line-height);--awb-caption-title-letter-spacing:var(--h2_typography-letter-spacing);\"><span class=\" fusion-imageframe imageframe-none imageframe-2 hover-type-none\"><img decoding=\"async\" width=\"700\" height=\"588\" alt=\"expertise en sinistres pour l&#039;entreprise\" title=\"entreprise-2\" src=\"https:\/\/www.drlinc.ca\/wp-content\/uploads\/2021\/04\/entreprise-2.jpg\" class=\"img-responsive wp-image-1547\" srcset=\"https:\/\/www.drlinc.ca\/wp-content\/uploads\/2021\/04\/entreprise-2-200x168.jpg 200w, https:\/\/www.drlinc.ca\/wp-content\/uploads\/2021\/04\/entreprise-2-400x336.jpg 400w, https:\/\/www.drlinc.ca\/wp-content\/uploads\/2021\/04\/entreprise-2-600x504.jpg 600w, https:\/\/www.drlinc.ca\/wp-content\/uploads\/2021\/04\/entreprise-2.jpg 700w\" sizes=\"(max-width: 1024px) 100vw, (max-width: 850px) 100vw, 600px\" loading=\"lazy\" \/><\/span><\/div><\/div><\/div><\/div><\/div><div class=\"fusion-fullwidth fullwidth-box fusion-builder-row-4 fusion-flex-container fusion-parallax-none nonhundred-percent-fullwidth non-hundred-percent-height-scrolling\" style=\"--awb-border-radius-top-left:0px;--awb-border-radius-top-right:0px;--awb-border-radius-bottom-right:0px;--awb-border-radius-bottom-left:0px;--awb-padding-top:100px;--awb-padding-bottom:100px;--awb-margin-top:100px;--awb-background-image:url(&quot;https:\/\/www.drlinc.ca\/wp-content\/uploads\/2021\/04\/bg-temoignages.jpg&quot;);--awb-background-size:cover;--awb-flex-wrap:wrap;\" ><div class=\"fusion-builder-row fusion-row fusion-flex-align-items-flex-start fusion-flex-content-wrap\" style=\"max-width:1216.8px;margin-left: calc(-4% \/ 2 );margin-right: calc(-4% \/ 2 );\"><div class=\"fusion-layout-column fusion_builder_column fusion-builder-column-5 fusion_builder_column_1_1 1_1 fusion-flex-column\" style=\"--awb-bg-size:cover;--awb-width-large:100%;--awb-margin-top-large:0px;--awb-spacing-right-large:1.92%;--awb-margin-bottom-large:20px;--awb-spacing-left-large:1.92%;--awb-width-medium:100%;--awb-order-medium:0;--awb-spacing-right-medium:1.92%;--awb-spacing-left-medium:1.92%;--awb-width-small:100%;--awb-order-small:0;--awb-spacing-right-small:1.92%;--awb-spacing-left-small:1.92%;\"><div class=\"fusion-column-wrapper fusion-column-has-shadow fusion-flex-justify-content-flex-start fusion-content-layout-column\"><div class=\"fusion-text fusion-text-4\" style=\"--awb-content-alignment:center;--awb-font-size:30px;--awb-line-height:30px;--awb-text-color:#ffffff;--awb-text-font-family:&quot;Lato&quot;;--awb-text-font-style:italic;--awb-text-font-weight:400;\"><p>\u00ab\u00a0J\u2019ai eu l\u2019occasion de mentionner \u00e0 la haute direction que votre r\u00e9putation \u00e9tait excellente et la qualit\u00e9 de votre travail \u00e0 la hauteur de nos attentes.\u00a0\u00bb \u2013<span style=\"font-size: 24px;\">M.L., analyste<\/span><\/p>\n<\/div><\/div><\/div><\/div><\/div><div class=\"fusion-fullwidth fullwidth-box fusion-builder-row-5 fusion-flex-container nonhundred-percent-fullwidth non-hundred-percent-height-scrolling\" style=\"--awb-border-radius-top-left:0px;--awb-border-radius-top-right:0px;--awb-border-radius-bottom-right:0px;--awb-border-radius-bottom-left:0px;--awb-padding-top:30px;--awb-padding-bottom:30px;--awb-background-color:#cccccc;--awb-flex-wrap:wrap;\" ><div class=\"fusion-builder-row fusion-row fusion-flex-align-items-stretch fusion-flex-justify-content-center fusion-flex-content-wrap\" style=\"max-width:1216.8px;margin-left: calc(-4% \/ 2 );margin-right: calc(-4% \/ 2 );\"><div class=\"fusion-layout-column fusion_builder_column fusion-builder-column-6 fusion_builder_column_3_4 3_4 fusion-flex-column fusion-flex-align-self-stretch\" style=\"--awb-padding-top:0px;--awb-padding-bottom:0px;--awb-bg-size:cover;--awb-width-large:75%;--awb-margin-top-large:0px;--awb-spacing-right-large:2.56%;--awb-margin-bottom-large:0px;--awb-spacing-left-large:2.56%;--awb-width-medium:100%;--awb-order-medium:0;--awb-spacing-right-medium:1.92%;--awb-spacing-left-medium:1.92%;--awb-width-small:100%;--awb-order-small:0;--awb-spacing-right-small:1.92%;--awb-spacing-left-small:1.92%;\"><div class=\"fusion-column-wrapper fusion-column-has-shadow fusion-flex-justify-content-center fusion-content-layout-column\"><div class=\"fusion-title title fusion-title-5 fusion-title-text fusion-title-size-three\" style=\"--awb-text-color:#000000;--awb-font-size:24px;\"><div class=\"title-sep-container title-sep-container-left fusion-no-large-visibility fusion-no-medium-visibility fusion-no-small-visibility\"><div class=\"title-sep sep- sep-solid\" style=\"border-color:#e0dede;\"><\/div><\/div><span class=\"awb-title-spacer fusion-no-large-visibility fusion-no-medium-visibility fusion-no-small-visibility\"><\/span><h3 class=\"fusion-title-heading title-heading-left\" style=\"font-family:&quot;Lato&quot;;font-style:normal;font-weight:700;margin:0;font-size:1em;line-height:24px;\">DISPONIBILIT\u00c9 24\/7 PARTOUT AU QU\u00c9BEC<\/h3><span class=\"awb-title-spacer\"><\/span><div class=\"title-sep-container title-sep-container-right\"><div class=\"title-sep sep- sep-solid\" style=\"border-color:#e0dede;\"><\/div><\/div><\/div><div class=\"fusion-text fusion-text-5 fusion-text-no-margin\" style=\"--awb-font-size:20px;--awb-line-height:20px;--awb-text-font-family:&quot;Lato&quot;;--awb-text-font-style:normal;--awb-text-font-weight:400;\"><p>Nous pouvons \u00eatre joints en tout temps, 24\/7.<br \/>\nNous acceptons les mandats partout au Qu\u00e9bec, et ailleurs au pays.<\/p>\n<\/div><\/div><\/div><div class=\"fusion-layout-column fusion_builder_column fusion-builder-column-7 fusion_builder_column_1_4 1_4 fusion-flex-column fusion-flex-align-self-stretch\" style=\"--awb-padding-top:0px;--awb-padding-bottom:0px;--awb-bg-size:cover;--awb-width-large:25%;--awb-margin-top-large:0px;--awb-spacing-right-large:7.68%;--awb-margin-bottom-large:0px;--awb-spacing-left-large:7.68%;--awb-width-medium:100%;--awb-order-medium:0;--awb-spacing-right-medium:1.92%;--awb-spacing-left-medium:1.92%;--awb-width-small:100%;--awb-order-small:0;--awb-spacing-right-small:1.92%;--awb-spacing-left-small:1.92%;\"><div class=\"fusion-column-wrapper fusion-column-has-shadow fusion-flex-justify-content-center fusion-content-layout-column\"><div ><a class=\"fusion-button button-flat fusion-button-default-size button-custom fusion-button-default button-1 fusion-button-default-span fusion-button-default-type\" style=\"--button_accent_color:#000000;--button_border_color:#000000;--button_accent_hover_color:#000000;--button_border_hover_color:#000000;--button_gradient_top_color:#ffffff;--button_gradient_bottom_color:#ffffff;--button_gradient_top_color_hover:#ffffff;--button_gradient_bottom_color_hover:#ffffff;\" target=\"_self\" href=\"https:\/\/www.drlinc.ca\/contact\/\"><span class=\"fusion-button-text\">CONTACTEZ-NOUS MAINTENANT POUR EN SAVOIR PLUS<\/span><\/a><\/div><\/div><\/div><\/div><\/div>\n<\/p>\n","protected":false},"excerpt":{"rendered":"","protected":false},"author":1,"featured_media":0,"parent":1542,"menu_order":0,"comment_status":"closed","ping_status":"closed","template":"100-width.php","meta":{"footnotes":""},"class_list":["post-1544","page","type-page","status-publish","hentry"],"yoast_head":"<!-- This site is optimized with the Yoast SEO plugin v26.9 - https:\/\/yoast.com\/product\/yoast-seo-wordpress\/ -->\n<title>L&#039;entreprise - Desforges Roy Lessard<\/title>\n<meta name=\"description\" content=\"DRL offre une qualit\u00e9 d\u2019enqu\u00eate et de contr\u00f4le des dommages, permettant de statuer en toute confiance sur les r\u00e9clamations d\u2019assurance.\" \/>\n<meta name=\"robots\" content=\"index, follow, max-snippet:-1, max-image-preview:large, max-video-preview:-1\" \/>\n<link rel=\"canonical\" href=\"https:\/\/www.drlinc.ca\/fr\/profil\/lentreprise\/\" \/>\n<meta property=\"og:locale\" content=\"fr_CA\" \/>\n<meta property=\"og:type\" content=\"article\" \/>\n<meta property=\"og:title\" content=\"L&#039;entreprise - Desforges Roy Lessard\" \/>\n<meta property=\"og:description\" content=\"DRL offre une qualit\u00e9 d\u2019enqu\u00eate et de contr\u00f4le des dommages, permettant de statuer en toute confiance sur les r\u00e9clamations d\u2019assurance.\" \/>\n<meta property=\"og:url\" content=\"https:\/\/www.drlinc.ca\/fr\/profil\/lentreprise\/\" \/>\n<meta property=\"og:site_name\" content=\"Desforges Roy Lessard\" \/>\n<meta property=\"article:modified_time\" content=\"2024-01-24T23:58:57+00:00\" \/>\n<meta name=\"twitter:card\" content=\"summary_large_image\" \/>\n<meta name=\"twitter:label1\" content=\"Estimation du temps de lecture\" \/>\n\t<meta name=\"twitter:data1\" content=\"12 minutes\" \/>\n<script type=\"application\/ld+json\" class=\"yoast-schema-graph\">{\"@context\":\"https:\/\/schema.org\",\"@graph\":[{\"@type\":\"WebPage\",\"@id\":\"https:\/\/www.drlinc.ca\/fr\/profil\/lentreprise\/\",\"url\":\"https:\/\/www.drlinc.ca\/fr\/profil\/lentreprise\/\",\"name\":\"L'entreprise - Desforges Roy Lessard\",\"isPartOf\":{\"@id\":\"https:\/\/www.drlinc.ca\/fr\/#website\"},\"datePublished\":\"2021-04-07T03:06:27+00:00\",\"dateModified\":\"2024-01-24T23:58:57+00:00\",\"description\":\"DRL offre une qualit\u00e9 d\u2019enqu\u00eate et de contr\u00f4le des dommages, permettant de statuer en toute confiance sur les r\u00e9clamations d\u2019assurance.\",\"breadcrumb\":{\"@id\":\"https:\/\/www.drlinc.ca\/fr\/profil\/lentreprise\/#breadcrumb\"},\"inLanguage\":\"fr-CA\",\"potentialAction\":[{\"@type\":\"ReadAction\",\"target\":[\"https:\/\/www.drlinc.ca\/fr\/profil\/lentreprise\/\"]}]},{\"@type\":\"BreadcrumbList\",\"@id\":\"https:\/\/www.drlinc.ca\/fr\/profil\/lentreprise\/#breadcrumb\",\"itemListElement\":[{\"@type\":\"ListItem\",\"position\":1,\"name\":\"Profil\",\"item\":\"https:\/\/www.drlinc.ca\/fr\/profil\/\"},{\"@type\":\"ListItem\",\"position\":2,\"name\":\"L&rsquo;entreprise\"}]},{\"@type\":\"WebSite\",\"@id\":\"https:\/\/www.drlinc.ca\/fr\/#website\",\"url\":\"https:\/\/www.drlinc.ca\/fr\/\",\"name\":\"Desforges Roy Lessard\",\"description\":\"Un site utilisant WordPress\",\"potentialAction\":[{\"@type\":\"SearchAction\",\"target\":{\"@type\":\"EntryPoint\",\"urlTemplate\":\"https:\/\/www.drlinc.ca\/fr\/?s={search_term_string}\"},\"query-input\":{\"@type\":\"PropertyValueSpecification\",\"valueRequired\":true,\"valueName\":\"search_term_string\"}}],\"inLanguage\":\"fr-CA\"}]}<\/script>\n<!-- \/ Yoast SEO plugin. -->","yoast_head_json":{"title":"L'entreprise - Desforges Roy Lessard","description":"DRL offre une qualit\u00e9 d\u2019enqu\u00eate et de contr\u00f4le des dommages, permettant de statuer en toute confiance sur les r\u00e9clamations d\u2019assurance.","robots":{"index":"index","follow":"follow","max-snippet":"max-snippet:-1","max-image-preview":"max-image-preview:large","max-video-preview":"max-video-preview:-1"},"canonical":"https:\/\/www.drlinc.ca\/fr\/profil\/lentreprise\/","og_locale":"fr_CA","og_type":"article","og_title":"L'entreprise - Desforges Roy Lessard","og_description":"DRL offre une qualit\u00e9 d\u2019enqu\u00eate et de contr\u00f4le des dommages, permettant de statuer en toute confiance sur les r\u00e9clamations d\u2019assurance.","og_url":"https:\/\/www.drlinc.ca\/fr\/profil\/lentreprise\/","og_site_name":"Desforges Roy Lessard","article_modified_time":"2024-01-24T23:58:57+00:00","twitter_card":"summary_large_image","twitter_misc":{"Estimation du temps de lecture":"12 minutes"},"schema":{"@context":"https:\/\/schema.org","@graph":[{"@type":"WebPage","@id":"https:\/\/www.drlinc.ca\/fr\/profil\/lentreprise\/","url":"https:\/\/www.drlinc.ca\/fr\/profil\/lentreprise\/","name":"L'entreprise - Desforges Roy Lessard","isPartOf":{"@id":"https:\/\/www.drlinc.ca\/fr\/#website"},"datePublished":"2021-04-07T03:06:27+00:00","dateModified":"2024-01-24T23:58:57+00:00","description":"DRL offre une qualit\u00e9 d\u2019enqu\u00eate et de contr\u00f4le des dommages, permettant de statuer en toute confiance sur les r\u00e9clamations d\u2019assurance.","breadcrumb":{"@id":"https:\/\/www.drlinc.ca\/fr\/profil\/lentreprise\/#breadcrumb"},"inLanguage":"fr-CA","potentialAction":[{"@type":"ReadAction","target":["https:\/\/www.drlinc.ca\/fr\/profil\/lentreprise\/"]}]},{"@type":"BreadcrumbList","@id":"https:\/\/www.drlinc.ca\/fr\/profil\/lentreprise\/#breadcrumb","itemListElement":[{"@type":"ListItem","position":1,"name":"Profil","item":"https:\/\/www.drlinc.ca\/fr\/profil\/"},{"@type":"ListItem","position":2,"name":"L&rsquo;entreprise"}]},{"@type":"WebSite","@id":"https:\/\/www.drlinc.ca\/fr\/#website","url":"https:\/\/www.drlinc.ca\/fr\/","name":"Desforges Roy Lessard","description":"Un site utilisant WordPress","potentialAction":[{"@type":"SearchAction","target":{"@type":"EntryPoint","urlTemplate":"https:\/\/www.drlinc.ca\/fr\/?s={search_term_string}"},"query-input":{"@type":"PropertyValueSpecification","valueRequired":true,"valueName":"search_term_string"}}],"inLanguage":"fr-CA"}]}},"_links":{"self":[{"href":"https:\/\/www.drlinc.ca\/fr\/wp-json\/wp\/v2\/pages\/1544","targetHints":{"allow":["GET"]}}],"collection":[{"href":"https:\/\/www.drlinc.ca\/fr\/wp-json\/wp\/v2\/pages"}],"about":[{"href":"https:\/\/www.drlinc.ca\/fr\/wp-json\/wp\/v2\/types\/page"}],"author":[{"embeddable":true,"href":"https:\/\/www.drlinc.ca\/fr\/wp-json\/wp\/v2\/users\/1"}],"replies":[{"embeddable":true,"href":"https:\/\/www.drlinc.ca\/fr\/wp-json\/wp\/v2\/comments?post=1544"}],"version-history":[{"count":6,"href":"https:\/\/www.drlinc.ca\/fr\/wp-json\/wp\/v2\/pages\/1544\/revisions"}],"predecessor-version":[{"id":1550,"href":"https:\/\/www.drlinc.ca\/fr\/wp-json\/wp\/v2\/pages\/1544\/revisions\/1550"}],"up":[{"embeddable":true,"href":"https:\/\/www.drlinc.ca\/fr\/wp-json\/wp\/v2\/pages\/1542"}],"wp:attachment":[{"href":"https:\/\/www.drlinc.ca\/fr\/wp-json\/wp\/v2\/media?parent=1544"}],"curies":[{"name":"wp","href":"https:\/\/api.w.org\/{rel}","templated":true}]}}