{"id":3,"date":"2021-04-03T02:51:06","date_gmt":"2021-04-03T02:51:06","guid":{"rendered":"https:\/\/www.drlinc.ca\/?page_id=3"},"modified":"2021-04-29T16:24:44","modified_gmt":"2021-04-29T16:24:44","slug":"politique-de-confidentialite","status":"publish","type":"page","link":"https:\/\/www.drlinc.ca\/fr\/politique-de-confidentialite\/","title":{"rendered":"Politique de confidentialit\u00e9"},"content":{"rendered":"<div class=\"fusion-fullwidth fullwidth-box fusion-builder-row-1 fusion-flex-container nonhundred-percent-fullwidth non-hundred-percent-height-scrolling\" style=\"--awb-border-radius-top-left:0px;--awb-border-radius-top-right:0px;--awb-border-radius-bottom-right:0px;--awb-border-radius-bottom-left:0px;--awb-flex-wrap:wrap;\" ><div class=\"fusion-builder-row fusion-row fusion-flex-align-items-flex-start fusion-flex-content-wrap\" style=\"max-width:1216.8px;margin-left: calc(-4% \/ 2 );margin-right: calc(-4% \/ 2 );\"><div class=\"fusion-layout-column fusion_builder_column fusion-builder-column-0 fusion_builder_column_1_1 1_1 fusion-flex-column\" style=\"--awb-bg-size:cover;--awb-width-large:100%;--awb-margin-top-large:0px;--awb-spacing-right-large:1.92%;--awb-margin-bottom-large:0px;--awb-spacing-left-large:1.92%;--awb-width-medium:100%;--awb-spacing-right-medium:1.92%;--awb-spacing-left-medium:1.92%;--awb-width-small:100%;--awb-spacing-right-small:1.92%;--awb-spacing-left-small:1.92%;\"><div class=\"fusion-column-wrapper fusion-flex-justify-content-flex-start fusion-content-layout-column\"><div class=\"fusion-text fusion-text-1\"><p>Les renseignements fournis par les clients de <strong>Desforges Roy Lessard Experts en sinistres inc<\/strong>. sont prot\u00e9g\u00e9s en vertu des dispositions de la\u00a0Loi sur la protection des renseignements personnels et les documents \u00e9lectroniques\u00a0(f\u00e9d\u00e9rale) et la\u00a0Loi sur la protection des renseignements personnels dans le secteur priv\u00e9\u00a0(Qu\u00e9bec). Toute information recueillie est confidentielle et en aucun cas ne sera distribu\u00e9e ou divulgu\u00e9e. Elle sera utilis\u00e9e exclusivement par<strong> Desforges Roy Lessard Experts en sinistres inc<\/strong>. afin de traiter les demandes de ses clients ou d\u2019am\u00e9liorer ses services.<\/p>\n<h2>PROPRI\u00c9T\u00c9 INTELLECTUELLE<\/h2>\n<p>Cette page d\u00e9crit les mentions l\u00e9gales qui s\u2019appliquent \u00e0 tout internaute visitant ce site. En le consultant, vous vous engagez sans r\u00e9serve \u00e0 les respecter. Les mentions l\u00e9gales pouvant \u00eatre modifi\u00e9es \u00e0 tout moment et sans pr\u00e9avis, nous vous invitons \u00e0 les consulter r\u00e9guli\u00e8rement.<\/p>\n<p>Le contenu des pages du pr\u00e9sent site est la propri\u00e9t\u00e9 de <strong>DESFORGES ROY LESSARD EXPERTS EN SINISTRES INC<\/strong>. Les \u00e9l\u00e9ments qui le composent sont prot\u00e9g\u00e9s par les lois encadrant la propri\u00e9t\u00e9 intellectuelle et ne peuvent \u00eatre copi\u00e9s, reproduits, modifi\u00e9s, r\u00e9\u00e9dit\u00e9s ou distribu\u00e9s de quelque mani\u00e8re que ce soit, de fa\u00e7on partielle ou int\u00e9grale, sauf pour usage priv\u00e9, sans le consentement pr\u00e9alable de <strong>DESFORGES ROY LESSARD EXPERTS EN SINISTRES INC<\/strong><strong>.<\/strong> Dans tous les autres cas, l\u2019obtention du consentement pr\u00e9alable de <strong>DESFORGES ROY LESSARD EXPERTS EN SINISTRES INC<\/strong>. est requise avant de proc\u00e9der \u00e0 la reproduction du contenu du site.<\/p>\n<p>Il est strictement interdit d\u2019utiliser ou de faire un mauvais usage des marques de commerce apparaissant sur ce site Web ou de tout autre contenu de celui-ci.<\/p>\n<h2>LIENS HYPERTEXTES<\/h2>\n<p>Ce site Web contient des liens vers d\u2019autres sites n\u2019\u00e9tant pas la propri\u00e9t\u00e9 de <strong>DESFORGES ROY LESSARD EXPERTS EN SINISTRES INC<\/strong><strong>.<\/strong>; ils s\u2019y retrouvent que pour la convenance des utilisateurs. <strong>DESFORGES ROY LESSARD EXPERTS EN SINISTRES INC<\/strong>. n\u2019est pas responsable du contenu de ces autres sites et n\u2019est pas tenue de les \u00e9valuer r\u00e9guli\u00e8rement.<\/p>\n<h2>DISPONIBILIT\u00c9 DU SITE WEB<\/h2>\n<ul>\n<li><strong><strong>DESFORGES ROY LESSARD EXPERTS EN SINISTRES INC<\/strong><\/strong><strong>.<\/strong> ne peut s\u2019engager \u00e0 fournir le site exempt de tout d\u00e9faut;<\/li>\n<li>des d\u00e9fauts peuvent conduire \u00e0 l\u2019indisponibilit\u00e9 temporaire du site;<\/li>\n<li>le fonctionnement du site peut \u00eatre affect\u00e9 par des \u00e9v\u00e9nements ou des \u00e9l\u00e9ments que <strong>DESFORGES ROY LESSARD EXPERTS EN SINISTRES INC<\/strong>. ne contr\u00f4le pas, tel que des moyens de transmission et de communication entre l\u2019usager et <strong>DESFORGES ROY LESSARD EXPERTS EN SINISTRES INC<\/strong>. et entre <strong>DESFORGES ROY LESSARD EXPERTS EN SINISTRES INC<\/strong>. et d\u2019autres r\u00e9seaux;<\/li>\n<li><strong>DESFORGES ROY LESSARD EXPERTS EN SINISTRES INC<\/strong>. se r\u00e9serve le droit, \u00e0 tout moment et sans pr\u00e9avis, de modifier ou d\u2019interrompre temporairement ou de fa\u00e7on permanente, une partie ou la totalit\u00e9 du site, afin d\u2019effectuer des op\u00e9rations de maintenance, des am\u00e9liorations ou des modifications sur ce dernier. <strong>DESFORGES ROY LESSARD EXPERTS EN SINISTRES INC<\/strong>. n\u2019est pas responsable de toute modification, suspension ou interruption du site.<\/li>\n<\/ul>\n<h2>LIMITATION DE RESPONSABILIT\u00c9<\/h2>\n<p><strong>DESFORGES ROY LESSARD EXPERTS EN SINISTRES INC<\/strong>. s\u2019efforce d\u2019assurer l\u2019exactitude et la mise \u00e0 jour des informations diffus\u00e9es sur le site. Elle se r\u00e9serve par ailleurs le droit de corriger le contenu du site \u00e0 tout moment et sans pr\u00e9avis. Toutefois, bien que ces informations soient mises \u00e0 jour sur une base r\u00e9guli\u00e8re, <strong>DESFORGES ROY LESSARD EXPERTS EN SINISTRES INC<\/strong>. ne peut en garantir la fiabilit\u00e9, l\u2019exactitude, la pr\u00e9cision ou l\u2019exhaustivit\u00e9 en tout temps.<\/p>\n<p>En cons\u00e9quence, <strong>DESFORGES ROY LESSARD EXPERTS EN SINISTRES INC<\/strong>. d\u00e9cline toute responsabilit\u00e9 :<\/p>\n<ul>\n<li>pour toute impr\u00e9cision, inexactitude ou omission portant sur des informations disponibles sur le site;<\/li>\n<li>pour tout dommage r\u00e9sultant d\u2019une intrusion frauduleuse d\u2019un tiers ayant entra\u00een\u00e9 une modification des informations ou des \u00e9l\u00e9ments mis \u00e0 la disposition sur le site;<\/li>\n<li>pour toute d\u00e9cision prise sur la base d\u2019une information contenue sur le site, ni de l\u2019utilisation qui pourrait en \u00eatre faite par des tiers;<\/li>\n<li>pour tout dommage, direct ou indirect, quelles qu\u2019en soient les causes, origine, nature ou cons\u00e9quences, malgr\u00e9 le fait que <strong>DESFORGES ROY LESSARD EXPERTS EN SINISTRES INC<\/strong>. aurait \u00e9t\u00e9 avis\u00e9e de la possibilit\u00e9 de tels dommages, provoqu\u00e9s en raison\u00a0:\n<ul>\n<li>de l\u2019acc\u00e8s de quiconque au site ou de l\u2019impossibilit\u00e9 d\u2019y acc\u00e9der;<\/li>\n<li>de l\u2019utilisation du site, incluant toute d\u00e9t\u00e9rioration ou tout virus qui pourraient infecter l\u2019\u00e9quipement informatique de l\u2019usager ou tout autre bien.<\/li>\n<\/ul>\n<\/li>\n<\/ul>\n<p>Les renseignements contenus sur le site sont d\u2019ordre g\u00e9n\u00e9ral et strictement informatif et ne doivent pas \u00eatre interpr\u00e9t\u00e9s comme des conseils, une offre de vente de produits ou services ou de la sollicitation. Ces renseignements n\u2019imposent aucun engagement juridique ni accord contractuel de la part de <strong>DESFORGES ROY LESSARD EXPERTS EN SINISTRES INC<\/strong>. qui se r\u00e9serve par ailleurs le droit d\u2019en modifier les caract\u00e9ristiques. Enfin, il est \u00e0 noter que les rendements ant\u00e9rieurs ne garantissent pas les r\u00e9sultats futurs.<\/p>\n<h4>DISPOSITIONS JURIDICTIONNELLES<\/h4>\n<p>Le site et son contenu sont assujettis aux lois applicables du Qu\u00e9bec et du Canada et tout utilisateur reconna\u00eet la comp\u00e9tence des tribunaux y relevant pour tout ce qui concerne le contenu et l\u2019utilisation du site ou les recours en d\u00e9coulant.<\/p>\n<\/div><\/div><\/div><\/div><\/div>\n","protected":false},"excerpt":{"rendered":"","protected":false},"author":1,"featured_media":0,"parent":0,"menu_order":0,"comment_status":"closed","ping_status":"closed","template":"","meta":{"footnotes":""},"class_list":["post-3","page","type-page","status-publish","hentry"],"yoast_head":"<!-- This site is optimized with the Yoast SEO plugin v26.9 - https:\/\/yoast.com\/product\/yoast-seo-wordpress\/ -->\n<title>Politique de confidentialit\u00e9 - Desforges Roy Lessard<\/title>\n<meta name=\"robots\" content=\"index, follow, max-snippet:-1, max-image-preview:large, max-video-preview:-1\" \/>\n<link rel=\"canonical\" href=\"https:\/\/www.drlinc.ca\/fr\/politique-de-confidentialite\/\" \/>\n<meta property=\"og:locale\" content=\"fr_CA\" \/>\n<meta property=\"og:type\" content=\"article\" \/>\n<meta property=\"og:title\" content=\"Politique de confidentialit\u00e9 - Desforges Roy Lessard\" \/>\n<meta property=\"og:url\" content=\"https:\/\/www.drlinc.ca\/fr\/politique-de-confidentialite\/\" \/>\n<meta property=\"og:site_name\" content=\"Desforges Roy Lessard\" \/>\n<meta property=\"article:modified_time\" content=\"2021-04-29T16:24:44+00:00\" \/>\n<meta name=\"twitter:card\" content=\"summary_large_image\" \/>\n<meta name=\"twitter:label1\" content=\"Estimation du temps de lecture\" \/>\n\t<meta name=\"twitter:data1\" content=\"4 minutes\" \/>\n<script type=\"application\/ld+json\" class=\"yoast-schema-graph\">{\"@context\":\"https:\/\/schema.org\",\"@graph\":[{\"@type\":\"WebPage\",\"@id\":\"https:\/\/www.drlinc.ca\/fr\/politique-de-confidentialite\/\",\"url\":\"https:\/\/www.drlinc.ca\/fr\/politique-de-confidentialite\/\",\"name\":\"Politique de confidentialit\u00e9 - Desforges Roy Lessard\",\"isPartOf\":{\"@id\":\"https:\/\/www.drlinc.ca\/fr\/#website\"},\"datePublished\":\"2021-04-03T02:51:06+00:00\",\"dateModified\":\"2021-04-29T16:24:44+00:00\",\"inLanguage\":\"fr-CA\",\"potentialAction\":[{\"@type\":\"ReadAction\",\"target\":[\"https:\/\/www.drlinc.ca\/fr\/politique-de-confidentialite\/\"]}]},{\"@type\":\"WebSite\",\"@id\":\"https:\/\/www.drlinc.ca\/fr\/#website\",\"url\":\"https:\/\/www.drlinc.ca\/fr\/\",\"name\":\"Desforges Roy Lessard\",\"description\":\"Un site utilisant WordPress\",\"potentialAction\":[{\"@type\":\"SearchAction\",\"target\":{\"@type\":\"EntryPoint\",\"urlTemplate\":\"https:\/\/www.drlinc.ca\/fr\/?s={search_term_string}\"},\"query-input\":{\"@type\":\"PropertyValueSpecification\",\"valueRequired\":true,\"valueName\":\"search_term_string\"}}],\"inLanguage\":\"fr-CA\"}]}<\/script>\n<!-- \/ Yoast SEO plugin. -->","yoast_head_json":{"title":"Politique de confidentialit\u00e9 - Desforges Roy Lessard","robots":{"index":"index","follow":"follow","max-snippet":"max-snippet:-1","max-image-preview":"max-image-preview:large","max-video-preview":"max-video-preview:-1"},"canonical":"https:\/\/www.drlinc.ca\/fr\/politique-de-confidentialite\/","og_locale":"fr_CA","og_type":"article","og_title":"Politique de confidentialit\u00e9 - Desforges Roy Lessard","og_url":"https:\/\/www.drlinc.ca\/fr\/politique-de-confidentialite\/","og_site_name":"Desforges Roy Lessard","article_modified_time":"2021-04-29T16:24:44+00:00","twitter_card":"summary_large_image","twitter_misc":{"Estimation du temps de lecture":"4 minutes"},"schema":{"@context":"https:\/\/schema.org","@graph":[{"@type":"WebPage","@id":"https:\/\/www.drlinc.ca\/fr\/politique-de-confidentialite\/","url":"https:\/\/www.drlinc.ca\/fr\/politique-de-confidentialite\/","name":"Politique de confidentialit\u00e9 - Desforges Roy Lessard","isPartOf":{"@id":"https:\/\/www.drlinc.ca\/fr\/#website"},"datePublished":"2021-04-03T02:51:06+00:00","dateModified":"2021-04-29T16:24:44+00:00","inLanguage":"fr-CA","potentialAction":[{"@type":"ReadAction","target":["https:\/\/www.drlinc.ca\/fr\/politique-de-confidentialite\/"]}]},{"@type":"WebSite","@id":"https:\/\/www.drlinc.ca\/fr\/#website","url":"https:\/\/www.drlinc.ca\/fr\/","name":"Desforges Roy Lessard","description":"Un site utilisant WordPress","potentialAction":[{"@type":"SearchAction","target":{"@type":"EntryPoint","urlTemplate":"https:\/\/www.drlinc.ca\/fr\/?s={search_term_string}"},"query-input":{"@type":"PropertyValueSpecification","valueRequired":true,"valueName":"search_term_string"}}],"inLanguage":"fr-CA"}]}},"_links":{"self":[{"href":"https:\/\/www.drlinc.ca\/fr\/wp-json\/wp\/v2\/pages\/3","targetHints":{"allow":["GET"]}}],"collection":[{"href":"https:\/\/www.drlinc.ca\/fr\/wp-json\/wp\/v2\/pages"}],"about":[{"href":"https:\/\/www.drlinc.ca\/fr\/wp-json\/wp\/v2\/types\/page"}],"author":[{"embeddable":true,"href":"https:\/\/www.drlinc.ca\/fr\/wp-json\/wp\/v2\/users\/1"}],"replies":[{"embeddable":true,"href":"https:\/\/www.drlinc.ca\/fr\/wp-json\/wp\/v2\/comments?post=3"}],"version-history":[{"count":7,"href":"https:\/\/www.drlinc.ca\/fr\/wp-json\/wp\/v2\/pages\/3\/revisions"}],"predecessor-version":[{"id":1667,"href":"https:\/\/www.drlinc.ca\/fr\/wp-json\/wp\/v2\/pages\/3\/revisions\/1667"}],"wp:attachment":[{"href":"https:\/\/www.drlinc.ca\/fr\/wp-json\/wp\/v2\/media?parent=3"}],"curies":[{"name":"wp","href":"https:\/\/api.w.org\/{rel}","templated":true}]}}